{"id":107,"date":"2018-08-16T12:25:55","date_gmt":"2018-08-16T09:25:55","guid":{"rendered":"http:\/\/ybm.comu.edu.tr\/v5\/?page_id=107"},"modified":"2024-05-05T17:51:04","modified_gmt":"2024-05-05T14:51:04","slug":"yayinlarimiz","status":"publish","type":"page","link":"https:\/\/ybm.org.tr\/ybm\/yayinlarimiz\/","title":{"rendered":"Yay\u0131nlar\u0131m\u0131z"},"content":{"rendered":"<p>G\u00fcncel yay\u0131nlar i\u00e7in\u00a0<a href=\"https:\/\/www.researchgate.net\/project\/COMU-Museum-of-Earth-Science\">ResearchGate<\/a> e bak\u0131labilir<\/p>\n<p><strong>Dergiler<\/strong><\/p>\n<p>Kutlu, Y. A., \u00c7al\u0131k, A., &amp; Ulugergerli, E. U. (2022). Placebo effect of gemstones.\u00a0<i>Journal of Awareness<\/i>,\u00a0<i>7<\/i>(3), 87-95.<\/p>\n<p>Kutlu Y. A. , \u00c7al\u0131k A. , Ulugergerli E. U. (2022),\u00a0 A Quest for why gemstones are used for healing, Journal of Awareness, vol.2, pp.65-72, 2022<\/p>\n<p>Kutlu Y. A. , \u00c7al\u0131k A. , Ulugergerli E. U. (2018),\u00a0 \u015eifal\u0131 Ta\u015flar\u0131n Plasebo Etkisi \u00dczerine Bir Anket \u00c7al\u0131\u015fmas\u0131n\u0131n \u0130lk Sonu\u00e7lar\u0131 Journal Of Awareness, vol.3, pp.199-208, 2018<\/p>\n<p>Ayten \u00c7al\u0131k* , Sevin\u00e7 Kapan , R. C\u00fcneyt Ereno\u011flu , Oya Ereno\u011flu ,Cumali Ya\u015far, Emin U\u011fur Ulugergerli, (2018), Biga Yar\u0131madas\u0131nda Jeode\u011ferler ve Jeoturizm Potansiyeli, T\u00fcrkiye Jeoloji B\u00fclteni; Geological Bulletin of Turkey, 61 (2018) 175-192, doi:10.25288\/tjb.418820 :<a href=\"http:\/\/ybm.comu.edu.tr\/wp-content\/uploads\/2020\/03\/10.25288-tjb.418820-464452.pdf\">10.25288-tjb.418820-464452<\/a><\/p>\n<p><strong><br \/>\nSunumlar<\/strong><\/p>\n<p>Kutlu Y. A. , \u00c7al\u0131k A. , Ulugergerli E. U. (2022). A Case Study On The Use Of Gemstones For Healing Purpose, 9th International Istanbul Scientific Research Congress , \u0130stanbul, Turkey, 14 &#8211; 15 May 2022, vol.1, no.1, pp.902-907<\/p>\n<p>Kutlu Y. A. , \u00c7al\u0131k A. , Ulugergerli E. U. (2022). Do\u011fal Ta\u015flarin Iyile\u015ftirici G\u00fcc\u00fc \u00dczerine \u00d6rnek Bir \u00c7ali\u015fma , 5th International New York Academic Research Congress, New York, United States Of America, 23 &#8211; 24 April 2022, vol.1, no.1, pp.1045-1049<\/p>\n<p>Kutlu Y. A. , \u00c7al\u0131k A. , Ulugergerli E. U. (2022). Do\u011fal Ta\u015flarin \u015eifa Ama\u00e7li Kullanim Modelleri, 5th International New York Academic Research Congress , New York, United States Of America, 23 &#8211; 24 April 2022, vol.1, no.1, pp.1050-1055<\/p>\n<p>Kutlu Y. A. , \u00c7al\u0131k A. , Ulugergerli E. U. (2022). The museum -supported case study on the use of natural stones for healing, 8th International Universty Museums Association Platform Congress, \u0130stanbul, Turkey, 1 &#8211; 04 October 2021<\/p>\n<p>Kutlu Y. A. , \u00c7al\u0131k A. , Ulugergerli E. U. (2022). The Effect Of Educational Level In The Use Of Healing Gemstones And Placebo, International Paris Conference On Social Sciences &#8211; V], Paris, France, 7 &#8211; 08 February 2021, pp.404-411<\/p>\n<p>Kutlu Y. A. , \u00c7al\u0131k A. , Ulugergerli E. U. (2022).\u00a0 The Effect Of Income Rate In The Use Of Healing Gemstones And Placebo, [International Paris Conference On Social Sciences &#8211; V], Paris, France, 7 &#8211; 08 February 2021, pp.412-421<\/p>\n<p>Kutlu Y. A. , \u00c7al\u0131k A. , Ulugergerli E. U. (2022). Gender Sensitivity to Natural Stones and The Placebo Effect, SADAB 7th International Conference on Social Researches and Behavioral Sciences, Antalya, Turkey, 24 &#8211; 25 October 2020, pp.35-36<\/p>\n<p>Kutlu Y. A. , \u00c7al\u0131k A. , Ulugergerli E. U. (2022). Natural Stones and The Plasebo Effect, SADAB International Conference on Social Researches and Behavioral Sciences, Antalya, Turkey, 24 &#8211; 25 October 2020, pp.33-34<\/p>\n<p>\u00c7al\u0131k, A., Kapan, S., Ya\u015far, C., ve Ulugergerli, E. U. 2020. \u00c7anakkale Onsekiz Mart \u00dcniversitesi Yer Bilimleri ve Do\u011fa Tarih M\u00fczesi: Mavi Gezegen, 39-46.<\/p>\n<p>Eskin, G., G\u00fcrd\u00fck, N., Tuluk, A., \u00dclker, M., A., \u015eenkal, B., I\u015fiko, U., ve Ya\u015far, C., 2019. E\u011fitimde G\u00f6n\u00fcll\u00fcl\u00fck; Toplum Hizmetleri ve Yer Bilimleri. IV. Uluslararas\u0131 Rating Academy Kongresi K\u00f6y Enstit\u00fcleri Ve E\u011fitimde Yeni Arayi\u015flar. \u00c7anakkale, T\u00fcrkiye<\/p>\n<p>\u00c7alik, A., Arslan, N., Ereno\u011flu, RC, Ereno\u011flu,O., Ulugergerli, EU., 2019. S\u00fcsta\u015flar\u0131n\u0131n aranmas\u0131nda uzaktan alg\u0131lama y\u00f6ntemi kullan\u0131lmas\u0131; \u00f6rnek \u00e7al\u0131\u015fma Yenice Opalleri, \u00c7anakkale \u2013 KB T\u00fcrkiye, 72. T\u00fcrkiye Jeoloji Kurultay\u0131, Ankara, T\u00fcrkiye, 713-717<\/p>\n<p>Uzuno\u011flu, A., \u00c7alik, A., Ulugergerli, EU, 2019. CVD Y\u00f6ntemi \u0130le Sentetik S\u00fcsta\u015flar\u0131 \u00dcretimi, 72. T\u00fcrkiye Jeoloji Kurultay\u0131, Ankara, T\u00fcrkiye, 725-728<\/p>\n<p style=\"font-weight: 400;\">\u00c7al\u0131k, A., Deniz, O., Ya\u015far, C., ve\u00a0 Ulugergerli, E. U. 2018.\u00a0Umut Kayna\u011f\u0131 Olarak Do\u011fal Kaynaklar Ve Yerbilimleri;\u00a02. Uluslararas\u0131 Rating Academy Kongresi: UMUT, Kepez, \u00c7anakkale<\/p>\n<p style=\"font-weight: 400;\">Uzuno\u011flu, A., \u00c7al\u0131k A., Ulugergerli E.U., 2018. Sentetik S\u00fcsta\u015flar\u0131 \u00dcretim Y\u00f6ntemleri, 71. T\u00fcrkiye Jeoloji Kurultay\u0131, 23- 27 Nisan 2018, Ankara.<\/p>\n<p style=\"font-weight: 400;\">\u00c7al\u0131k, A., Kapan, S., Ereno\u011flu, R. C., Ereno\u011flu, O., Ya\u015far, C., &amp; Ulugergerli, E. U. 2018. Biga Yar\u0131madas\u0131nda Jeode\u011ferler ve Jeoturizm Potansiyeli. T\u00fcrkiye Jeoloji B\u00fclteni\/Geological Bulletin of Turkey, 61(2), 175-192.(<a href=\"http:\/\/dergipark.gov.tr\/download\/article-file\/464452\">pdf<\/a>)<\/p>\n<p style=\"font-weight: 400;\">\u00c7al\u0131k, A., Erenoglu, RC, Erenoglu, O, Ulugergerli, E.U. and\u00a0 Arslan, N., 2017. Imaging of Spectral Properties of Opal Mineral using Sensor Data, Yenice District, North-Western Turkey, International Symposium on GIS Applications in Geography &amp; Geosciences, \u00c7anakkale<\/p>\n<p style=\"font-weight: 400;\">\u00c7al\u0131k A., Ulugergerli E.U., 2017. Yerbilimlerinde Guzellik Anlayisi Ve Bir Paylasim Yolu: \u00c7anakkale Onsekiz Mart \u00dcniversitesi Yer Bilimleri Ve Do\u011fa Tarihi M\u00fczesi; B\u0130L\u0130M, K\u00dcLT\u00dcR VE SANATTA G\u00dcZEL\u0130 ARAYI\u015e Kongresi, Canakkale, Turkiye<\/p>\n<p style=\"font-weight: 400;\">\u00c7al\u0131k A., Ulugergerli E.U., ve Ya\u015far C., 2017. Geleneksel Ve Say\u0131sal M\u00fcze Olu\u015fumlar\u0131n\u0131n Birlikte Kullan\u0131m\u0131: \u00c7anakkale Onsekiz Mart \u00dcniversitesi Yer Bilimleri Ve Do\u011fa Tarihi M\u00fczesi;4. International Conference of the Association of University Museums,Eskisehir, Turkey.<\/p>\n<p style=\"font-weight: 400;\">\u00c7al\u0131k, A., Ulugergerli, E.,U., Yasar C., and Taspinar, K., 2016.Virtual learning and contribution from E-museum an example for earth sciences; 16th International Multidisciplinary Scientific GeoConference SGEM 2016, Conference Proceedings, Book5 Vol. 3, 1077-1084 pp, ISBN 978-619-7105-67-4 \/ ISSN 1314-2704<\/p>\n<p>\u00c7al\u0131k, A., Ulugergerli, E.,U., Yasar C., and Altinoluk I., 2014. A Common Point Between Virtual and Conventional Education in Earth Science: E \u2013 museum; SGEM 2014,International Multidisciplinary Scientific Geoconferences on Ecology, Economics, Education and Legislation, Volume III, p.539 &#8211; 546, \u00a0Albena , Bulgaria.<\/p>\n<p>\u00c7al\u0131k, A. Yasar C., Ulugergerli, E.,U., and\u00a0\u00a0\u00a0Altinoluk I., 2014. The Virtual Education Opportunities to Support Conventional Teaching: e- Museum for Earth Science; EGU2014, Vienna, Austria.<\/p>\n<p>K\u0131yak E., Yasar C., Alt\u0131noluk I., Ulugergerli E.,U., ve \u00c7al\u0131k A., 2012. \u00a0 Uzaktan E\u011fitimde Sanal Egitim Olanaklar\u0131: E-M\u00fcze \u00d6rne\u011fi : MERSEM-2012, Proceedings of the eight International Marble and Natural Stone Congress of Turkey, p. 803 -810,Afyonkarahisar, Turkey<\/p>\n<p>&nbsp;<\/p>\n<p><strong>Konferanslar<\/strong><\/p>\n<p>Calik, A. 2014. Canakkale Onsekizmart Universitesi Yer bilimleri Muzesi: I. \u00dcniversite M\u00fczeleri Birli\u011fi Konferansi, \u0130stanbul.<\/p>\n<p>&nbsp;<\/p>\n<p><strong>Projelerimiz<\/strong><\/p>\n<p style=\"font-weight: 500;\"><span style=\"font-weight: 400;\">\u015eifal\u0131 Olarak Bilinen Do\u011fal Ta\u015flar\u0131n \u0130nsanlar \u00dczerindeki Plasebo Etkisi COMU- FBA-2019-2783<\/span><\/p>\n<p>Yar\u0131 de\u011ferli s\u00fcs ta\u015flar\u0131n\u0131n uzaktan alg\u0131lama tekni\u011fi ile g\u00f6r\u00fcnt\u00fclenmesi: Dereyalak agat ve opalleri \u00f6rne\u011fi, COM\u00dc-FBA-2018-1384<\/p>\n","protected":false},"excerpt":{"rendered":"<p>G\u00fcncel yay\u0131nlar i\u00e7in\u00a0ResearchGate e bak\u0131labilir Dergiler Kutlu, Y. A., \u00c7al\u0131k, A., &amp; Ulugergerli, E. U. (2022). Placebo effect of gemstones.\u00a0Journal of Awareness,\u00a07(3), 87-95. Kutlu Y. A. , \u00c7al\u0131k A. , Ulugergerli E. U. (2022),\u00a0 A Quest for why gemstones are used for healing, Journal of Awareness, vol.2, pp.65-72, 2022 Kutlu Y. A. , \u00c7al\u0131k A. [&hellip;]<\/p>\n","protected":false},"author":21,"featured_media":0,"parent":0,"menu_order":0,"comment_status":"closed","ping_status":"closed","template":"","meta":{"footnotes":""},"class_list":["post-107","page","type-page","status-publish","czr-hentry"],"_links":{"self":[{"href":"https:\/\/ybm.org.tr\/ybm\/wp-json\/wp\/v2\/pages\/107","targetHints":{"allow":["GET"]}}],"collection":[{"href":"https:\/\/ybm.org.tr\/ybm\/wp-json\/wp\/v2\/pages"}],"about":[{"href":"https:\/\/ybm.org.tr\/ybm\/wp-json\/wp\/v2\/types\/page"}],"author":[{"embeddable":true,"href":"https:\/\/ybm.org.tr\/ybm\/wp-json\/wp\/v2\/users\/21"}],"replies":[{"embeddable":true,"href":"https:\/\/ybm.org.tr\/ybm\/wp-json\/wp\/v2\/comments?post=107"}],"version-history":[{"count":0,"href":"https:\/\/ybm.org.tr\/ybm\/wp-json\/wp\/v2\/pages\/107\/revisions"}],"wp:attachment":[{"href":"https:\/\/ybm.org.tr\/ybm\/wp-json\/wp\/v2\/media?parent=107"}],"curies":[{"name":"wp","href":"https:\/\/api.w.org\/{rel}","templated":true}]}}