{"id":123,"date":"2018-08-16T13:04:08","date_gmt":"2018-08-16T10:04:08","guid":{"rendered":"http:\/\/ybm.comu.edu.tr\/v5\/?page_id=123"},"modified":"2022-02-04T10:33:53","modified_gmt":"2022-02-04T07:33:53","slug":"iletisim","status":"publish","type":"page","link":"https:\/\/ybm.org.tr\/ybm\/iletisim\/","title":{"rendered":"m\u00fcze ziyaret"},"content":{"rendered":"\r\n<div class=\"container-fluid\">\r\n<div class=\"row\">\r\n<div class=\"col-md-6\" style=\"text-align: center;\">\r\n<h2 style=\"text-align: center;\"><strong>M\u00fcze ziyaret g\u00fcn ve saatleri<\/strong><\/h2>\r\n<p>&nbsp;<\/p>\r\nM\u00fczemiz haftai\u00e7i <strong>10.00-12.00<\/strong> ve <strong>13.30-16.00<\/strong> saatleri aras\u0131 a\u00e7\u0131kt\u0131r.<br \/>Haftasonu kapal\u0131d\u0131r.<br \/>M\u00fcze ziyaretimiz <strong>\u00fccretlidir<\/strong>.\r\n<p>&nbsp;<\/p>\r\nL\u00fctfen randevu al\u0131n\u0131z\u00a0&#8211;\u00a0 ziyaretinizi tasarlarken bize de haber veriniz.<\/div>\r\n<div class=\"col-md-6\" style=\"border-left: 2px solid #aec2c1;\">\r\n<h2 style=\"text-align: center;\"><strong>\u00a0 \u00a0 \u00a0 \u00a0 \u00a0 \u00a0\u0130leti\u015fim<\/strong><\/h2>\r\n<p style=\"text-align: center;\"><b>\u00a0 \u00a0 \u00a0 \u00a0 \u00a0 \u00a0 \u00a0 \u00a0 \u00a0Dr. Ayten \u00c7al\u0131k<\/b>\u00a0&#8211;\u00a0<strong>M\u00fcze Sorumlusu<\/strong><\/p>\r\n<p style=\"text-align: center;\">\u00a0 \u00a0 \u00a0 \u00a0 \u00a0 \u00a0 \u00a0 \u00a0 \u00a0 \u00c7anakkale Onsekizmart \u00dcniversitesi<br \/>\u00a0 \u00a0 \u00a0 \u00a0 \u00a0 \u00a0 \u00a0 \u00a0 \u00a0 M\u00fchendislik Fak\u00fcltesi<br \/>\u00a0 \u00a0 \u00a0 \u00a0 \u00a0 \u00a0 \u00a0 \u00a0 \u00a0 Jeoloji M\u00fchendisli\u011fi B\u00f6l\u00fcm\u00fc<br \/>\u00a0 \u00a0 \u00a0 \u00a0 \u00a0 \u00a0 \u00a0 \u00a0 \u00a0 Terzioglu Campus<br \/>\u00a0 \u00a0 \u00a0 \u00a0 \u00a0 \u00a0 \u00a0 \u00a0 \u00a0 17020 \/ CANAKKALE<\/p>\r\n<p style=\"text-align: center;\"><b>\u00a0 \u00a0 \u00a0 \u00a0 \u00a0 \u00a0 \u00a0 \u00a0 \u00a0Tel :<\/b>\u00a0+ 90 286 218 00 18 (2162)<br \/><b>\u00a0 \u00a0 \u00a0 \u00a0 \u00a0 \u00a0 \u00a0 \u00a0 \u00a0Fax:<\/b>\u00a0+ 90 286 218 05 41<br \/><b>\u00a0 \u00a0 \u00a0 \u00a0 \u00a0 \u00a0 \u00a0 \u00a0 \u00a0E-mail:<\/b>\u00a0<a href=\"mailto:aytencalik@comu.edu.tr\" target=\"_blank\" rel=\"noopener noreferrer\">aytencalik@comu.edu.tr<\/a><\/p>\r\n<div class=\"row justify-content-center event-tab\">\r\n<div class=\"col-md-8 event-tab-three\">\u00a0<\/div>\r\n<\/div>\r\n<\/div>\r\n<\/div>\r\n<h1>ULA\u015eIM<\/h1>\r\n<hr \/><\/div>\r\n<div class=\"col-md-12 event-tab-four\" style=\"background-color: #ff9d00 !important;\"><iframe loading=\"lazy\" style=\"border: 0;\" src=\"https:\/\/www.google.com\/maps\/embed?pb=!1m18!1m12!1m3!1d404.0947411612041!2d26.42179849265571!3d40.1129352036037!2m3!1f0!2f0!3f0!3m2!1i1024!2i768!4f13.1!3m3!1m2!1s0x0%3A0xec1c79c036c74aae!2sYer%20Bilimleri%20Ve%20Doga%20Tarihi%20Muzesi!5e0!3m2!1str!2str!4v1570022355424!5m2!1str!2str\" width=\"600\" height=\"450\" frameborder=\"0\" allowfullscreen=\"allowfullscreen\"><\/iframe><\/div>\r\n\r\n\r\n\r\n<p>&nbsp;<\/p>\r\n","protected":false},"excerpt":{"rendered":"<p>M\u00fcze ziyaret g\u00fcn ve saatleri &nbsp; M\u00fczemiz haftai\u00e7i 10.00-12.00 ve 13.30-16.00 saatleri aras\u0131 a\u00e7\u0131kt\u0131r.Haftasonu kapal\u0131d\u0131r.M\u00fcze ziyaretimiz \u00fccretlidir. &nbsp; L\u00fctfen randevu al\u0131n\u0131z\u00a0&#8211;\u00a0 ziyaretinizi tasarlarken bize de haber veriniz. \u00a0 \u00a0 \u00a0 \u00a0 \u00a0 \u00a0\u0130leti\u015fim \u00a0 \u00a0 \u00a0 \u00a0 \u00a0 \u00a0 \u00a0 \u00a0 \u00a0Dr. Ayten \u00c7al\u0131k\u00a0&#8211;\u00a0M\u00fcze Sorumlusu \u00a0 \u00a0 \u00a0 \u00a0 \u00a0 \u00a0 \u00a0 \u00a0 \u00a0 \u00c7anakkale [&hellip;]<\/p>\n","protected":false},"author":3,"featured_media":0,"parent":0,"menu_order":0,"comment_status":"closed","ping_status":"closed","template":"","meta":{"footnotes":""},"class_list":["post-123","page","type-page","status-publish","czr-hentry"],"_links":{"self":[{"href":"https:\/\/ybm.org.tr\/ybm\/wp-json\/wp\/v2\/pages\/123","targetHints":{"allow":["GET"]}}],"collection":[{"href":"https:\/\/ybm.org.tr\/ybm\/wp-json\/wp\/v2\/pages"}],"about":[{"href":"https:\/\/ybm.org.tr\/ybm\/wp-json\/wp\/v2\/types\/page"}],"author":[{"embeddable":true,"href":"https:\/\/ybm.org.tr\/ybm\/wp-json\/wp\/v2\/users\/3"}],"replies":[{"embeddable":true,"href":"https:\/\/ybm.org.tr\/ybm\/wp-json\/wp\/v2\/comments?post=123"}],"version-history":[{"count":0,"href":"https:\/\/ybm.org.tr\/ybm\/wp-json\/wp\/v2\/pages\/123\/revisions"}],"wp:attachment":[{"href":"https:\/\/ybm.org.tr\/ybm\/wp-json\/wp\/v2\/media?parent=123"}],"curies":[{"name":"wp","href":"https:\/\/api.w.org\/{rel}","templated":true}]}}