{"id":1712,"date":"2019-03-19T23:26:16","date_gmt":"2019-03-19T20:26:16","guid":{"rendered":"http:\/\/ybm.comu.edu.tr\/v5\/?page_id=1712"},"modified":"2024-05-14T17:56:26","modified_gmt":"2024-05-14T14:56:26","slug":"envanterturleri","status":"publish","type":"page","link":"https:\/\/ybm.org.tr\/ybm\/envanterturleri\/","title":{"rendered":"T\u00fcm \u00f6rnekler"},"content":{"rendered":"<p><div class=\"aws-container\" data-url=\"\/ybm\/?wc-ajax=aws_action\" data-siteurl=\"https:\/\/ybm.org.tr\/ybm\" data-lang=\"\" data-show-loader=\"true\" data-show-more=\"true\" data-show-page=\"true\" data-ajax-search=\"true\" data-show-clear=\"true\" data-mobile-screen=\"false\" data-use-analytics=\"false\" data-min-chars=\"1\" data-buttons-order=\"2\" data-timeout=\"300\" data-is-mobile=\"false\" data-page-id=\"0\" data-tax=\"\" ><form class=\"aws-search-form\" action=\"https:\/\/ybm.org.tr\/ybm\/\" method=\"get\" role=\"search\" ><div class=\"aws-wrapper\"><label class=\"aws-search-label\" for=\"69ec927d3d5e3\">Ara...<\/label><input type=\"search\" name=\"s\" id=\"69ec927d3d5e3\" value=\"\" class=\"aws-search-field\" placeholder=\"Ara...\" autocomplete=\"off\" \/><input type=\"hidden\" name=\"post_type\" value=\"product\"><input type=\"hidden\" name=\"type_aws\" value=\"true\"><div class=\"aws-search-clear\"><span>\u00d7<\/span><\/div><div class=\"aws-loader\"><\/div><\/div><div class=\"aws-search-btn aws-form-btn\"><span class=\"aws-search-btn_icon\"><svg focusable=\"false\" xmlns=\"http:\/\/www.w3.org\/2000\/svg\" viewBox=\"0 0 24 24\" width=\"24px\"><path d=\"M15.5 14h-.79l-.28-.27C15.41 12.59 16 11.11 16 9.5 16 5.91 13.09 3 9.5 3S3 5.91 3 9.5 5.91 16 9.5 16c1.61 0 3.09-.59 4.23-1.57l.27.28v.79l5 4.99L20.49 19l-4.99-5zm-6 0C7.01 14 5 11.99 5 9.5S7.01 5 9.5 5 14 7.01 14 9.5 11.99 14 9.5 14z\"><\/path><\/svg><\/span><\/div><\/form><\/div><br \/>\n&nbsp;<\/p>\n\r\n\r\n<p>&nbsp;<\/p>\n<div class=\"h5p-iframe-wrapper\"><iframe id=\"h5p-iframe-12\" class=\"h5p-iframe\" data-content-id=\"12\" style=\"height:1px\" src=\"about:blank\" frameBorder=\"0\" scrolling=\"no\" title=\"Koleksiyon da\u011f\u0131l\u0131m\u0131\"><\/iframe><\/div>\n<p>&nbsp;<\/p>\n","protected":false},"excerpt":{"rendered":"","protected":false},"author":1,"featured_media":0,"parent":0,"menu_order":0,"comment_status":"closed","ping_status":"closed","template":"","meta":{"footnotes":""},"class_list":["post-1712","page","type-page","status-publish","czr-hentry"],"_links":{"self":[{"href":"https:\/\/ybm.org.tr\/ybm\/wp-json\/wp\/v2\/pages\/1712","targetHints":{"allow":["GET"]}}],"collection":[{"href":"https:\/\/ybm.org.tr\/ybm\/wp-json\/wp\/v2\/pages"}],"about":[{"href":"https:\/\/ybm.org.tr\/ybm\/wp-json\/wp\/v2\/types\/page"}],"author":[{"embeddable":true,"href":"https:\/\/ybm.org.tr\/ybm\/wp-json\/wp\/v2\/users\/1"}],"replies":[{"embeddable":true,"href":"https:\/\/ybm.org.tr\/ybm\/wp-json\/wp\/v2\/comments?post=1712"}],"version-history":[{"count":1,"href":"https:\/\/ybm.org.tr\/ybm\/wp-json\/wp\/v2\/pages\/1712\/revisions"}],"predecessor-version":[{"id":9597,"href":"https:\/\/ybm.org.tr\/ybm\/wp-json\/wp\/v2\/pages\/1712\/revisions\/9597"}],"wp:attachment":[{"href":"https:\/\/ybm.org.tr\/ybm\/wp-json\/wp\/v2\/media?parent=1712"}],"curies":[{"name":"wp","href":"https:\/\/api.w.org\/{rel}","templated":true}]}}