{"id":1856,"date":"2019-03-24T12:51:38","date_gmt":"2019-03-24T09:51:38","guid":{"rendered":"http:\/\/ybm.comu.edu.tr\/v5\/?page_id=1856"},"modified":"2024-05-06T08:26:16","modified_gmt":"2024-05-06T05:26:16","slug":"basinda-biz","status":"publish","type":"page","link":"https:\/\/ybm.org.tr\/ybm\/basinda-biz\/","title":{"rendered":"Bas\u0131nda biz"},"content":{"rendered":"<div class=\"row\">\n<div class=\"col-md-12\">\n<div class=\"widget-item\">\n<h2 class=\"welcome-text\">Bas\u0131nda M\u00fczemiz<\/h2>\n<ul>\n<li><a href=\"https:\/\/www.google.com\/search?q=comu+yer+bilimleri+m%C3%BCzesi&amp;oq=comu+yer+bilimleri+m%C3%BCzesi&amp;gs_lcrp=EgZjaHJvbWUyBggAEEUYOTIICAEQABgWGB4yCAgCEAAYFhgeMgoIAxAAGIAEGKIEMgoIBBAAGIAEGKIEMgYIBRBFGDwyBggGEEUYPDIGCAcQRRg80gEINjE4NGowajeoAgCwAgA&amp;sourceid=chrome&amp;ie=UTF-8#ip=1\">M\u00fczemiz ulusal bas\u0131nda\u00a0 bir\u00e7ok habere konu olmaktad\u0131<\/a>r<\/li>\n<\/ul>\n<h2>Yer Bilimleri M\u00fczesi Ton Tv de (29.01.2024)<\/h2>\n<p><a href=\"https:\/\/www.youtube.com\/watch?v=SvQIKuyi4Ts\">Kent s\u00f6yle\u015fileri program\u0131na konuk olduk<\/a><\/p>\n<h2>Yer Bilimleri M\u00fczesi TRT Haberde (20 Ekim 2012)<\/h2>\n<p><a href=\"http:\/\/www.youtube.com\/v\/Kxvv4AI3fAo\">TRT haberde tan\u0131t\u0131ld\u0131k<\/a><\/p>\n<\/div>\n<\/div>\n<\/div>\n","protected":false},"excerpt":{"rendered":"<p>Bas\u0131nda M\u00fczemiz M\u00fczemiz ulusal bas\u0131nda\u00a0 bir\u00e7ok habere konu olmaktad\u0131r Yer Bilimleri M\u00fczesi Ton Tv de (29.01.2024) Kent s\u00f6yle\u015fileri program\u0131na konuk olduk Yer Bilimleri M\u00fczesi TRT Haberde (20 Ekim 2012) TRT haberde tan\u0131t\u0131ld\u0131k<\/p>\n","protected":false},"author":3,"featured_media":0,"parent":0,"menu_order":0,"comment_status":"closed","ping_status":"closed","template":"","meta":{"footnotes":""},"class_list":["post-1856","page","type-page","status-publish","czr-hentry"],"_links":{"self":[{"href":"https:\/\/ybm.org.tr\/ybm\/wp-json\/wp\/v2\/pages\/1856","targetHints":{"allow":["GET"]}}],"collection":[{"href":"https:\/\/ybm.org.tr\/ybm\/wp-json\/wp\/v2\/pages"}],"about":[{"href":"https:\/\/ybm.org.tr\/ybm\/wp-json\/wp\/v2\/types\/page"}],"author":[{"embeddable":true,"href":"https:\/\/ybm.org.tr\/ybm\/wp-json\/wp\/v2\/users\/3"}],"replies":[{"embeddable":true,"href":"https:\/\/ybm.org.tr\/ybm\/wp-json\/wp\/v2\/comments?post=1856"}],"version-history":[{"count":9,"href":"https:\/\/ybm.org.tr\/ybm\/wp-json\/wp\/v2\/pages\/1856\/revisions"}],"predecessor-version":[{"id":9551,"href":"https:\/\/ybm.org.tr\/ybm\/wp-json\/wp\/v2\/pages\/1856\/revisions\/9551"}],"wp:attachment":[{"href":"https:\/\/ybm.org.tr\/ybm\/wp-json\/wp\/v2\/media?parent=1856"}],"curies":[{"name":"wp","href":"https:\/\/api.w.org\/{rel}","templated":true}]}}