{"id":6479,"date":"2020-02-20T14:34:09","date_gmt":"2020-02-20T11:34:09","guid":{"rendered":"http:\/\/ybm.comu.edu.tr\/?page_id=6479"},"modified":"2024-05-14T18:10:33","modified_gmt":"2024-05-14T15:10:33","slug":"biyoloji","status":"publish","type":"page","link":"https:\/\/ybm.org.tr\/ybm\/biyoloji\/","title":{"rendered":"Biyoloji"},"content":{"rendered":"<p>Biyoloji ya da Dirimbilimi, canl\u0131lar\u0131 inceleyen bilim dal\u0131d\u0131r. Yunanca hayat anlam\u0131na gelen \u03b2\u03af\u03bf\u03c2 (bios)\u2019la, \u2018incelemesi\u2019 anlam\u0131na gelen \u03bb\u03cc\u03b3\u03bf\u03c2 (logos)\u2019un, birle\u015fmesiyle olu\u015fmu\u015ftur. \u00c7al\u0131\u015fma alan\u0131 t\u00fcm canl\u0131lar\u0131 kapsar. K\u00fcresel boyuttan, h\u00fccre ve molek\u00fclleri kapsayan mikroskobik boyuta kadar canl\u0131lar\u0131 ve onlar\u0131 etkileyen olaylar\u0131 birlikte inceler.<\/p>\n<div class=\"woocommerce columns-4 \"><ul class=\"products columns-4\">\n<li class=\"czr-hentry product type-product post-957 status-publish first instock product_cat-biyoloji has-post-thumbnail shipping-taxable product-type-simple\">\n\t<a href=\"https:\/\/ybm.org.tr\/ybm\/product\/testudo-graeca-tosbaga\/\" class=\"woocommerce-LoopProduct-link woocommerce-loop-product__link\"><img loading=\"lazy\" decoding=\"async\" width=\"300\" height=\"200\" src=\"https:\/\/ybm.org.tr\/ybm\/wp-content\/uploads\/2019\/03\/testadograeca-300x200.jpg\" class=\"attachment-woocommerce_thumbnail size-woocommerce_thumbnail no-lazy\" alt=\"Testudo Graeca (Tosba\u011fa)\" srcset=\"https:\/\/ybm.org.tr\/ybm\/wp-content\/uploads\/2019\/03\/testadograeca-300x200.jpg 300w, https:\/\/ybm.org.tr\/ybm\/wp-content\/uploads\/2019\/03\/testadograeca-768x513.jpg 768w, https:\/\/ybm.org.tr\/ybm\/wp-content\/uploads\/2019\/03\/testadograeca-570x380.jpg 570w, https:\/\/ybm.org.tr\/ybm\/wp-content\/uploads\/2019\/03\/testadograeca-600x401.jpg 600w, https:\/\/ybm.org.tr\/ybm\/wp-content\/uploads\/2019\/03\/testadograeca-64x43.jpg 64w, https:\/\/ybm.org.tr\/ybm\/wp-content\/uploads\/2019\/03\/testadograeca-240x160.jpg 240w, https:\/\/ybm.org.tr\/ybm\/wp-content\/uploads\/2019\/03\/testadograeca-150x100.jpg 150w, https:\/\/ybm.org.tr\/ybm\/wp-content\/uploads\/2019\/03\/testadograeca-272x182.jpg 272w, https:\/\/ybm.org.tr\/ybm\/wp-content\/uploads\/2019\/03\/testadograeca.jpg 800w\" sizes=\"auto, (max-width: 300px) 100vw, 300px\" \/><h2 class=\"woocommerce-loop-product__title\">Testudo Graeca (Tosba\u011fa)<\/h2><\/a><\/li>\n<li class=\"czr-hentry product type-product post-961 status-publish instock product_cat-biyoloji has-post-thumbnail shipping-taxable product-type-simple\">\n\t<a href=\"https:\/\/ybm.org.tr\/ybm\/product\/zamenus-situla-ev-yilani\/\" class=\"woocommerce-LoopProduct-link woocommerce-loop-product__link\"><img loading=\"lazy\" decoding=\"async\" width=\"300\" height=\"200\" src=\"https:\/\/ybm.org.tr\/ybm\/wp-content\/uploads\/2019\/01\/zamenis-scaled-300x200.jpg\" class=\"attachment-woocommerce_thumbnail size-woocommerce_thumbnail no-lazy\" alt=\"Zamenus Situla (Ev Y\u0131lan\u0131)\" srcset=\"https:\/\/ybm.org.tr\/ybm\/wp-content\/uploads\/2019\/01\/zamenis-300x200.jpg 300w, https:\/\/ybm.org.tr\/ybm\/wp-content\/uploads\/2019\/01\/zamenis-scaled-1024x683.jpg 1024w, https:\/\/ybm.org.tr\/ybm\/wp-content\/uploads\/2019\/01\/zamenis-scaled-768x512.jpg 768w, https:\/\/ybm.org.tr\/ybm\/wp-content\/uploads\/2019\/01\/zamenis-scaled-1536x1024.jpg 1536w, https:\/\/ybm.org.tr\/ybm\/wp-content\/uploads\/2019\/01\/zamenis-scaled-2048x1366.jpg 2048w, https:\/\/ybm.org.tr\/ybm\/wp-content\/uploads\/2019\/01\/zamenis-scaled-570x380.jpg 570w, https:\/\/ybm.org.tr\/ybm\/wp-content\/uploads\/2019\/01\/zamenis-scaled-600x400.jpg 600w, https:\/\/ybm.org.tr\/ybm\/wp-content\/uploads\/2019\/01\/zamenis-scaled-64x43.jpg 64w, https:\/\/ybm.org.tr\/ybm\/wp-content\/uploads\/2019\/01\/zamenis-416x277.jpg 416w, https:\/\/ybm.org.tr\/ybm\/wp-content\/uploads\/2019\/01\/zamenis-272x182.jpg 272w\" sizes=\"auto, (max-width: 300px) 100vw, 300px\" \/><h2 class=\"woocommerce-loop-product__title\">Zamenus Situla (Ev Y\u0131lan\u0131)<\/h2><\/a><\/li>\n<li class=\"czr-hentry product type-product post-1006 status-publish instock product_cat-biyoloji has-post-thumbnail shipping-taxable product-type-simple\">\n\t<a href=\"https:\/\/ybm.org.tr\/ybm\/product\/xerotyphlops-typhilops-vermiculariskor-yilan\/\" class=\"woocommerce-LoopProduct-link woocommerce-loop-product__link\"><img loading=\"lazy\" decoding=\"async\" width=\"300\" height=\"200\" src=\"https:\/\/ybm.org.tr\/ybm\/wp-content\/uploads\/2019\/03\/typhilopsvermicularis-001-300x200.jpg\" class=\"attachment-woocommerce_thumbnail size-woocommerce_thumbnail no-lazy\" alt=\"Xerotyphlops (Typhilops) Vermicularis (K\u00f6r Y\u0131lan)\" srcset=\"https:\/\/ybm.org.tr\/ybm\/wp-content\/uploads\/2019\/03\/typhilopsvermicularis-001-300x200.jpg 300w, https:\/\/ybm.org.tr\/ybm\/wp-content\/uploads\/2019\/03\/typhilopsvermicularis-001-768x513.jpg 768w, https:\/\/ybm.org.tr\/ybm\/wp-content\/uploads\/2019\/03\/typhilopsvermicularis-001-570x380.jpg 570w, https:\/\/ybm.org.tr\/ybm\/wp-content\/uploads\/2019\/03\/typhilopsvermicularis-001-600x401.jpg 600w, https:\/\/ybm.org.tr\/ybm\/wp-content\/uploads\/2019\/03\/typhilopsvermicularis-001-64x43.jpg 64w, https:\/\/ybm.org.tr\/ybm\/wp-content\/uploads\/2019\/03\/typhilopsvermicularis-001-240x160.jpg 240w, https:\/\/ybm.org.tr\/ybm\/wp-content\/uploads\/2019\/03\/typhilopsvermicularis-001-150x100.jpg 150w, https:\/\/ybm.org.tr\/ybm\/wp-content\/uploads\/2019\/03\/typhilopsvermicularis-001-272x182.jpg 272w, https:\/\/ybm.org.tr\/ybm\/wp-content\/uploads\/2019\/03\/typhilopsvermicularis-001.jpg 800w\" sizes=\"auto, (max-width: 300px) 100vw, 300px\" \/><h2 class=\"woocommerce-loop-product__title\">Xerotyphlops (Typhilops) Vermicularis (K\u00f6r Y\u0131lan)<\/h2><\/a><\/li>\n<li class=\"czr-hentry product type-product post-1008 status-publish last instock product_cat-biyoloji has-post-thumbnail shipping-taxable product-type-simple\">\n\t<a href=\"https:\/\/ybm.org.tr\/ybm\/product\/telescopus-fallax-kedi-gozlu-yilan\/\" class=\"woocommerce-LoopProduct-link woocommerce-loop-product__link\"><img loading=\"lazy\" decoding=\"async\" width=\"300\" height=\"200\" src=\"https:\/\/ybm.org.tr\/ybm\/wp-content\/uploads\/2019\/03\/telescopus_rallax-300x200.jpg\" class=\"attachment-woocommerce_thumbnail size-woocommerce_thumbnail no-lazy\" alt=\"Telescopus Fallax (Kedi G\u00f6zl\u00fc Y\u0131lan)\" srcset=\"https:\/\/ybm.org.tr\/ybm\/wp-content\/uploads\/2019\/03\/telescopus_rallax-300x200.jpg 300w, https:\/\/ybm.org.tr\/ybm\/wp-content\/uploads\/2019\/03\/telescopus_rallax-768x513.jpg 768w, https:\/\/ybm.org.tr\/ybm\/wp-content\/uploads\/2019\/03\/telescopus_rallax-570x380.jpg 570w, https:\/\/ybm.org.tr\/ybm\/wp-content\/uploads\/2019\/03\/telescopus_rallax-600x401.jpg 600w, https:\/\/ybm.org.tr\/ybm\/wp-content\/uploads\/2019\/03\/telescopus_rallax-64x43.jpg 64w, https:\/\/ybm.org.tr\/ybm\/wp-content\/uploads\/2019\/03\/telescopus_rallax-240x160.jpg 240w, https:\/\/ybm.org.tr\/ybm\/wp-content\/uploads\/2019\/03\/telescopus_rallax-150x100.jpg 150w, https:\/\/ybm.org.tr\/ybm\/wp-content\/uploads\/2019\/03\/telescopus_rallax-272x182.jpg 272w, https:\/\/ybm.org.tr\/ybm\/wp-content\/uploads\/2019\/03\/telescopus_rallax.jpg 800w\" sizes=\"auto, (max-width: 300px) 100vw, 300px\" \/><h2 class=\"woocommerce-loop-product__title\">Telescopus Fallax (Kedi G\u00f6zl\u00fc Y\u0131lan)<\/h2><\/a><\/li>\n<li class=\"czr-hentry product type-product post-1010 status-publish first instock product_cat-biyoloji has-post-thumbnail shipping-taxable product-type-simple\">\n\t<a href=\"https:\/\/ybm.org.tr\/ybm\/product\/platyceps-najadum\/\" class=\"woocommerce-LoopProduct-link woocommerce-loop-product__link\"><img loading=\"lazy\" decoding=\"async\" width=\"300\" height=\"200\" src=\"https:\/\/ybm.org.tr\/ybm\/wp-content\/uploads\/2019\/03\/platyvepsnaja-300x200.jpg\" class=\"attachment-woocommerce_thumbnail size-woocommerce_thumbnail no-lazy\" alt=\"Platyceps Najadum\" srcset=\"https:\/\/ybm.org.tr\/ybm\/wp-content\/uploads\/2019\/03\/platyvepsnaja-300x200.jpg 300w, https:\/\/ybm.org.tr\/ybm\/wp-content\/uploads\/2019\/03\/platyvepsnaja-768x513.jpg 768w, https:\/\/ybm.org.tr\/ybm\/wp-content\/uploads\/2019\/03\/platyvepsnaja-570x380.jpg 570w, https:\/\/ybm.org.tr\/ybm\/wp-content\/uploads\/2019\/03\/platyvepsnaja-600x401.jpg 600w, https:\/\/ybm.org.tr\/ybm\/wp-content\/uploads\/2019\/03\/platyvepsnaja-64x43.jpg 64w, https:\/\/ybm.org.tr\/ybm\/wp-content\/uploads\/2019\/03\/platyvepsnaja-240x160.jpg 240w, https:\/\/ybm.org.tr\/ybm\/wp-content\/uploads\/2019\/03\/platyvepsnaja-150x100.jpg 150w, https:\/\/ybm.org.tr\/ybm\/wp-content\/uploads\/2019\/03\/platyvepsnaja-272x182.jpg 272w, https:\/\/ybm.org.tr\/ybm\/wp-content\/uploads\/2019\/03\/platyvepsnaja.jpg 800w\" sizes=\"auto, (max-width: 300px) 100vw, 300px\" \/><h2 class=\"woocommerce-loop-product__title\">Platyceps Najadum<\/h2><\/a><\/li>\n<li class=\"czr-hentry product type-product post-1012 status-publish instock product_cat-biyoloji has-post-thumbnail shipping-taxable product-type-simple\">\n\t<a href=\"https:\/\/ybm.org.tr\/ybm\/product\/platceps-collaris-toros-yilani\/\" class=\"woocommerce-LoopProduct-link woocommerce-loop-product__link\"><img loading=\"lazy\" decoding=\"async\" width=\"300\" height=\"200\" src=\"https:\/\/ybm.org.tr\/ybm\/wp-content\/uploads\/2019\/03\/platycepscollaris-300x200.jpg\" class=\"attachment-woocommerce_thumbnail size-woocommerce_thumbnail no-lazy\" alt=\"Platceps Collaris (Toros Y\u0131lan\u0131)\" srcset=\"https:\/\/ybm.org.tr\/ybm\/wp-content\/uploads\/2019\/03\/platycepscollaris-300x200.jpg 300w, https:\/\/ybm.org.tr\/ybm\/wp-content\/uploads\/2019\/03\/platycepscollaris-768x513.jpg 768w, https:\/\/ybm.org.tr\/ybm\/wp-content\/uploads\/2019\/03\/platycepscollaris-570x380.jpg 570w, https:\/\/ybm.org.tr\/ybm\/wp-content\/uploads\/2019\/03\/platycepscollaris-600x401.jpg 600w, https:\/\/ybm.org.tr\/ybm\/wp-content\/uploads\/2019\/03\/platycepscollaris-64x43.jpg 64w, https:\/\/ybm.org.tr\/ybm\/wp-content\/uploads\/2019\/03\/platycepscollaris-240x160.jpg 240w, https:\/\/ybm.org.tr\/ybm\/wp-content\/uploads\/2019\/03\/platycepscollaris-150x100.jpg 150w, https:\/\/ybm.org.tr\/ybm\/wp-content\/uploads\/2019\/03\/platycepscollaris-272x182.jpg 272w, https:\/\/ybm.org.tr\/ybm\/wp-content\/uploads\/2019\/03\/platycepscollaris.jpg 800w\" sizes=\"auto, (max-width: 300px) 100vw, 300px\" \/><h2 class=\"woocommerce-loop-product__title\">Platceps Collaris (Toros Y\u0131lan\u0131)<\/h2><\/a><\/li>\n<li class=\"czr-hentry product type-product post-1015 status-publish instock product_cat-biyoloji has-post-thumbnail shipping-taxable product-type-simple\">\n\t<a href=\"https:\/\/ybm.org.tr\/ybm\/product\/natrix-tessellata-su-yilani\/\" class=\"woocommerce-LoopProduct-link woocommerce-loop-product__link\"><img loading=\"lazy\" decoding=\"async\" width=\"300\" height=\"200\" src=\"https:\/\/ybm.org.tr\/ybm\/wp-content\/uploads\/2019\/03\/natrixtessellata-300x200.jpg\" class=\"attachment-woocommerce_thumbnail size-woocommerce_thumbnail no-lazy\" alt=\"Natrix Tessellata (Su Y\u0131lan\u0131)\" srcset=\"https:\/\/ybm.org.tr\/ybm\/wp-content\/uploads\/2019\/03\/natrixtessellata-300x200.jpg 300w, https:\/\/ybm.org.tr\/ybm\/wp-content\/uploads\/2019\/03\/natrixtessellata-768x513.jpg 768w, https:\/\/ybm.org.tr\/ybm\/wp-content\/uploads\/2019\/03\/natrixtessellata-570x380.jpg 570w, https:\/\/ybm.org.tr\/ybm\/wp-content\/uploads\/2019\/03\/natrixtessellata-600x401.jpg 600w, https:\/\/ybm.org.tr\/ybm\/wp-content\/uploads\/2019\/03\/natrixtessellata-64x43.jpg 64w, https:\/\/ybm.org.tr\/ybm\/wp-content\/uploads\/2019\/03\/natrixtessellata-240x160.jpg 240w, https:\/\/ybm.org.tr\/ybm\/wp-content\/uploads\/2019\/03\/natrixtessellata-150x100.jpg 150w, https:\/\/ybm.org.tr\/ybm\/wp-content\/uploads\/2019\/03\/natrixtessellata-272x182.jpg 272w, https:\/\/ybm.org.tr\/ybm\/wp-content\/uploads\/2019\/03\/natrixtessellata.jpg 800w\" sizes=\"auto, (max-width: 300px) 100vw, 300px\" \/><h2 class=\"woocommerce-loop-product__title\">Natrix Tessellata (Su Y\u0131lan\u0131)<\/h2><\/a><\/li>\n<li class=\"czr-hentry product type-product post-1029 status-publish last instock product_cat-biyoloji has-post-thumbnail shipping-taxable product-type-simple\">\n\t<a href=\"https:\/\/ybm.org.tr\/ybm\/product\/natrix-natrix-yari-sucul-yilan\/\" class=\"woocommerce-LoopProduct-link woocommerce-loop-product__link\"><img loading=\"lazy\" decoding=\"async\" width=\"300\" height=\"200\" src=\"https:\/\/ybm.org.tr\/ybm\/wp-content\/uploads\/2019\/03\/natrixnatrix-300x200.jpg\" class=\"attachment-woocommerce_thumbnail size-woocommerce_thumbnail no-lazy\" alt=\"Natrix Natrix (Yar\u0131 sucul y\u0131lan)\" srcset=\"https:\/\/ybm.org.tr\/ybm\/wp-content\/uploads\/2019\/03\/natrixnatrix-300x200.jpg 300w, https:\/\/ybm.org.tr\/ybm\/wp-content\/uploads\/2019\/03\/natrixnatrix-768x513.jpg 768w, https:\/\/ybm.org.tr\/ybm\/wp-content\/uploads\/2019\/03\/natrixnatrix-570x380.jpg 570w, https:\/\/ybm.org.tr\/ybm\/wp-content\/uploads\/2019\/03\/natrixnatrix-600x401.jpg 600w, https:\/\/ybm.org.tr\/ybm\/wp-content\/uploads\/2019\/03\/natrixnatrix-64x43.jpg 64w, https:\/\/ybm.org.tr\/ybm\/wp-content\/uploads\/2019\/03\/natrixnatrix-240x160.jpg 240w, https:\/\/ybm.org.tr\/ybm\/wp-content\/uploads\/2019\/03\/natrixnatrix-150x100.jpg 150w, https:\/\/ybm.org.tr\/ybm\/wp-content\/uploads\/2019\/03\/natrixnatrix-272x182.jpg 272w, https:\/\/ybm.org.tr\/ybm\/wp-content\/uploads\/2019\/03\/natrixnatrix.jpg 800w\" sizes=\"auto, (max-width: 300px) 100vw, 300px\" \/><h2 class=\"woocommerce-loop-product__title\">Natrix Natrix (Yar\u0131 sucul y\u0131lan)<\/h2><\/a><\/li>\n<li class=\"czr-hentry product type-product post-1031 status-publish first instock product_cat-biyoloji has-post-thumbnail shipping-taxable product-type-simple\">\n\t<a href=\"https:\/\/ybm.org.tr\/ybm\/product\/montivipera-xanthin-seritli-engerek\/\" class=\"woocommerce-LoopProduct-link woocommerce-loop-product__link\"><img loading=\"lazy\" decoding=\"async\" width=\"300\" height=\"200\" src=\"https:\/\/ybm.org.tr\/ybm\/wp-content\/uploads\/2019\/03\/Montivipera-300x200.jpg\" class=\"attachment-woocommerce_thumbnail size-woocommerce_thumbnail no-lazy\" alt=\"Montivipera Xanthin (\u015eeritli Engerek)\" srcset=\"https:\/\/ybm.org.tr\/ybm\/wp-content\/uploads\/2019\/03\/Montivipera-300x200.jpg 300w, https:\/\/ybm.org.tr\/ybm\/wp-content\/uploads\/2019\/03\/Montivipera-768x513.jpg 768w, https:\/\/ybm.org.tr\/ybm\/wp-content\/uploads\/2019\/03\/Montivipera-570x380.jpg 570w, https:\/\/ybm.org.tr\/ybm\/wp-content\/uploads\/2019\/03\/Montivipera-600x401.jpg 600w, https:\/\/ybm.org.tr\/ybm\/wp-content\/uploads\/2019\/03\/Montivipera-64x43.jpg 64w, https:\/\/ybm.org.tr\/ybm\/wp-content\/uploads\/2019\/03\/Montivipera-240x160.jpg 240w, https:\/\/ybm.org.tr\/ybm\/wp-content\/uploads\/2019\/03\/Montivipera-150x100.jpg 150w, https:\/\/ybm.org.tr\/ybm\/wp-content\/uploads\/2019\/03\/Montivipera-272x182.jpg 272w, https:\/\/ybm.org.tr\/ybm\/wp-content\/uploads\/2019\/03\/Montivipera.jpg 800w\" sizes=\"auto, (max-width: 300px) 100vw, 300px\" \/><h2 class=\"woocommerce-loop-product__title\">Montivipera Xanthin (\u015eeritli Engerek)<\/h2><\/a><\/li>\n<li class=\"czr-hentry product type-product post-1033 status-publish instock product_cat-biyoloji has-post-thumbnail shipping-taxable product-type-simple\">\n\t<a href=\"https:\/\/ybm.org.tr\/ybm\/product\/malpolon-insignitus-cukurbasli-yilan\/\" class=\"woocommerce-LoopProduct-link woocommerce-loop-product__link\"><img loading=\"lazy\" decoding=\"async\" width=\"300\" height=\"200\" src=\"https:\/\/ybm.org.tr\/ybm\/wp-content\/uploads\/2019\/03\/Malpolon20-300x200.jpg\" class=\"attachment-woocommerce_thumbnail size-woocommerce_thumbnail no-lazy\" alt=\"Malpolon \u0130nsignitus (\u00c7ukurba\u015fl\u0131 Y\u0131lan)\" srcset=\"https:\/\/ybm.org.tr\/ybm\/wp-content\/uploads\/2019\/03\/Malpolon20-300x200.jpg 300w, https:\/\/ybm.org.tr\/ybm\/wp-content\/uploads\/2019\/03\/Malpolon20-768x513.jpg 768w, https:\/\/ybm.org.tr\/ybm\/wp-content\/uploads\/2019\/03\/Malpolon20-570x380.jpg 570w, https:\/\/ybm.org.tr\/ybm\/wp-content\/uploads\/2019\/03\/Malpolon20-600x401.jpg 600w, https:\/\/ybm.org.tr\/ybm\/wp-content\/uploads\/2019\/03\/Malpolon20-64x43.jpg 64w, https:\/\/ybm.org.tr\/ybm\/wp-content\/uploads\/2019\/03\/Malpolon20-240x160.jpg 240w, https:\/\/ybm.org.tr\/ybm\/wp-content\/uploads\/2019\/03\/Malpolon20-150x100.jpg 150w, https:\/\/ybm.org.tr\/ybm\/wp-content\/uploads\/2019\/03\/Malpolon20-272x182.jpg 272w, https:\/\/ybm.org.tr\/ybm\/wp-content\/uploads\/2019\/03\/Malpolon20.jpg 800w\" sizes=\"auto, (max-width: 300px) 100vw, 300px\" \/><h2 class=\"woocommerce-loop-product__title\">Malpolon \u0130nsignitus (\u00c7ukurba\u015fl\u0131 Y\u0131lan)<\/h2><\/a><\/li>\n<li class=\"czr-hentry product type-product post-1036 status-publish instock product_cat-biyoloji has-post-thumbnail shipping-taxable product-type-simple\">\n\t<a href=\"https:\/\/ybm.org.tr\/ybm\/product\/hemorrhois-nummifer-sikkeli-yilan\/\" class=\"woocommerce-LoopProduct-link woocommerce-loop-product__link\"><img loading=\"lazy\" decoding=\"async\" width=\"300\" height=\"200\" src=\"https:\/\/ybm.org.tr\/ybm\/wp-content\/uploads\/2019\/03\/hemarrboisnummifer-300x200.jpg\" class=\"attachment-woocommerce_thumbnail size-woocommerce_thumbnail no-lazy\" alt=\"Hemorrhois Nummifer (Sikkeli Y\u0131lan)\" srcset=\"https:\/\/ybm.org.tr\/ybm\/wp-content\/uploads\/2019\/03\/hemarrboisnummifer-300x200.jpg 300w, https:\/\/ybm.org.tr\/ybm\/wp-content\/uploads\/2019\/03\/hemarrboisnummifer-768x513.jpg 768w, https:\/\/ybm.org.tr\/ybm\/wp-content\/uploads\/2019\/03\/hemarrboisnummifer-570x380.jpg 570w, https:\/\/ybm.org.tr\/ybm\/wp-content\/uploads\/2019\/03\/hemarrboisnummifer-600x401.jpg 600w, https:\/\/ybm.org.tr\/ybm\/wp-content\/uploads\/2019\/03\/hemarrboisnummifer-64x43.jpg 64w, https:\/\/ybm.org.tr\/ybm\/wp-content\/uploads\/2019\/03\/hemarrboisnummifer-240x160.jpg 240w, https:\/\/ybm.org.tr\/ybm\/wp-content\/uploads\/2019\/03\/hemarrboisnummifer-150x100.jpg 150w, https:\/\/ybm.org.tr\/ybm\/wp-content\/uploads\/2019\/03\/hemarrboisnummifer-272x182.jpg 272w, https:\/\/ybm.org.tr\/ybm\/wp-content\/uploads\/2019\/03\/hemarrboisnummifer.jpg 800w\" sizes=\"auto, (max-width: 300px) 100vw, 300px\" \/><h2 class=\"woocommerce-loop-product__title\">Hemorrhois Nummifer (Sikkeli Y\u0131lan)<\/h2><\/a><\/li>\n<li class=\"czr-hentry product type-product post-1038 status-publish last instock product_cat-biyoloji has-post-thumbnail shipping-taxable product-type-simple\">\n\t<a href=\"https:\/\/ybm.org.tr\/ybm\/product\/eirenis-modestus-uysal-yilan\/\" class=\"woocommerce-LoopProduct-link woocommerce-loop-product__link\"><img loading=\"lazy\" decoding=\"async\" width=\"300\" height=\"200\" src=\"https:\/\/ybm.org.tr\/ybm\/wp-content\/uploads\/2019\/03\/Erenismodestus-300x200.jpg\" class=\"attachment-woocommerce_thumbnail size-woocommerce_thumbnail no-lazy\" alt=\"Eirenis Modestus (Uysal Y\u0131lan)\" srcset=\"https:\/\/ybm.org.tr\/ybm\/wp-content\/uploads\/2019\/03\/Erenismodestus-300x200.jpg 300w, https:\/\/ybm.org.tr\/ybm\/wp-content\/uploads\/2019\/03\/Erenismodestus-768x513.jpg 768w, https:\/\/ybm.org.tr\/ybm\/wp-content\/uploads\/2019\/03\/Erenismodestus-570x380.jpg 570w, https:\/\/ybm.org.tr\/ybm\/wp-content\/uploads\/2019\/03\/Erenismodestus-600x401.jpg 600w, https:\/\/ybm.org.tr\/ybm\/wp-content\/uploads\/2019\/03\/Erenismodestus-64x43.jpg 64w, https:\/\/ybm.org.tr\/ybm\/wp-content\/uploads\/2019\/03\/Erenismodestus-240x160.jpg 240w, https:\/\/ybm.org.tr\/ybm\/wp-content\/uploads\/2019\/03\/Erenismodestus-150x100.jpg 150w, https:\/\/ybm.org.tr\/ybm\/wp-content\/uploads\/2019\/03\/Erenismodestus-272x182.jpg 272w, https:\/\/ybm.org.tr\/ybm\/wp-content\/uploads\/2019\/03\/Erenismodestus.jpg 800w\" sizes=\"auto, (max-width: 300px) 100vw, 300px\" \/><h2 class=\"woocommerce-loop-product__title\">Eirenis Modestus (Uysal Y\u0131lan)<\/h2><\/a><\/li>\n<\/ul>\n<\/div>\n","protected":false},"excerpt":{"rendered":"<p>Biyoloji ya da Dirimbilimi, canl\u0131lar\u0131 inceleyen bilim dal\u0131d\u0131r. Yunanca hayat anlam\u0131na gelen \u03b2\u03af\u03bf\u03c2 (bios)\u2019la, \u2018incelemesi\u2019 anlam\u0131na gelen \u03bb\u03cc\u03b3\u03bf\u03c2 (logos)\u2019un, birle\u015fmesiyle olu\u015fmu\u015ftur. \u00c7al\u0131\u015fma alan\u0131 t\u00fcm canl\u0131lar\u0131 kapsar. K\u00fcresel boyuttan, h\u00fccre ve molek\u00fclleri kapsayan mikroskobik boyuta kadar canl\u0131lar\u0131 ve onlar\u0131 etkileyen olaylar\u0131 birlikte inceler.<\/p>\n","protected":false},"author":1,"featured_media":0,"parent":0,"menu_order":0,"comment_status":"closed","ping_status":"closed","template":"","meta":{"footnotes":""},"class_list":["post-6479","page","type-page","status-publish","czr-hentry"],"_links":{"self":[{"href":"https:\/\/ybm.org.tr\/ybm\/wp-json\/wp\/v2\/pages\/6479","targetHints":{"allow":["GET"]}}],"collection":[{"href":"https:\/\/ybm.org.tr\/ybm\/wp-json\/wp\/v2\/pages"}],"about":[{"href":"https:\/\/ybm.org.tr\/ybm\/wp-json\/wp\/v2\/types\/page"}],"author":[{"embeddable":true,"href":"https:\/\/ybm.org.tr\/ybm\/wp-json\/wp\/v2\/users\/1"}],"replies":[{"embeddable":true,"href":"https:\/\/ybm.org.tr\/ybm\/wp-json\/wp\/v2\/comments?post=6479"}],"version-history":[{"count":1,"href":"https:\/\/ybm.org.tr\/ybm\/wp-json\/wp\/v2\/pages\/6479\/revisions"}],"predecessor-version":[{"id":9600,"href":"https:\/\/ybm.org.tr\/ybm\/wp-json\/wp\/v2\/pages\/6479\/revisions\/9600"}],"wp:attachment":[{"href":"https:\/\/ybm.org.tr\/ybm\/wp-json\/wp\/v2\/media?parent=6479"}],"curies":[{"name":"wp","href":"https:\/\/api.w.org\/{rel}","templated":true}]}}