{"id":6485,"date":"2020-02-20T14:35:28","date_gmt":"2020-02-20T11:35:28","guid":{"rendered":"http:\/\/ybm.comu.edu.tr\/?page_id=6485"},"modified":"2026-01-11T13:32:50","modified_gmt":"2026-01-11T10:32:50","slug":"kayaclar","status":"publish","type":"page","link":"https:\/\/ybm.org.tr\/ybm\/kayaclar\/","title":{"rendered":"Kaya\u00e7lar"},"content":{"rendered":"<p>Kat\u0131 olan yerkabu\u011funu meydana getiren, genellikle anorganik olan, bir veya birka\u00e7 mineralden meydana gelen ve jeolojik bir b\u00fct\u00fcnl\u00fck te\u015fkil eden k\u00fctlelere Kaya\u00e7 denir. Yerkabu\u011funu olu\u015fturan 3 temel kaya\u00e7 t\u00fcr\u00fc vard\u0131r Bunlar;magmatik kaya\u00e7lar, tortul (sedimanter) kaya\u00e7lar ve ba\u015fkala\u015f\u0131m (metamorfik) kaya\u00e7lar\u0131d\u0131r. Kaya\u00e7lar\u0131 inceleyen bilim dal\u0131na Petrografi denir.<\/p>\n<p>[ybm_kayac_vitrin]<\/p>\n","protected":false},"excerpt":{"rendered":"<p>Kat\u0131 olan yerkabu\u011funu meydana getiren, genellikle anorganik olan, bir veya birka\u00e7 mineralden meydana gelen ve jeolojik bir b\u00fct\u00fcnl\u00fck te\u015fkil eden k\u00fctlelere Kaya\u00e7 denir. Yerkabu\u011funu olu\u015fturan 3 temel kaya\u00e7 t\u00fcr\u00fc vard\u0131r Bunlar;magmatik kaya\u00e7lar, tortul (sedimanter) kaya\u00e7lar ve ba\u015fkala\u015f\u0131m (metamorfik) kaya\u00e7lar\u0131d\u0131r. Kaya\u00e7lar\u0131 inceleyen bilim dal\u0131na Petrografi denir. [ybm_kayac_vitrin]<\/p>\n","protected":false},"author":1,"featured_media":0,"parent":0,"menu_order":0,"comment_status":"closed","ping_status":"closed","template":"custom-page.php","meta":{"footnotes":""},"class_list":["post-6485","page","type-page","status-publish","czr-hentry"],"_links":{"self":[{"href":"https:\/\/ybm.org.tr\/ybm\/wp-json\/wp\/v2\/pages\/6485","targetHints":{"allow":["GET"]}}],"collection":[{"href":"https:\/\/ybm.org.tr\/ybm\/wp-json\/wp\/v2\/pages"}],"about":[{"href":"https:\/\/ybm.org.tr\/ybm\/wp-json\/wp\/v2\/types\/page"}],"author":[{"embeddable":true,"href":"https:\/\/ybm.org.tr\/ybm\/wp-json\/wp\/v2\/users\/1"}],"replies":[{"embeddable":true,"href":"https:\/\/ybm.org.tr\/ybm\/wp-json\/wp\/v2\/comments?post=6485"}],"version-history":[{"count":1,"href":"https:\/\/ybm.org.tr\/ybm\/wp-json\/wp\/v2\/pages\/6485\/revisions"}],"predecessor-version":[{"id":9801,"href":"https:\/\/ybm.org.tr\/ybm\/wp-json\/wp\/v2\/pages\/6485\/revisions\/9801"}],"wp:attachment":[{"href":"https:\/\/ybm.org.tr\/ybm\/wp-json\/wp\/v2\/media?parent=6485"}],"curies":[{"name":"wp","href":"https:\/\/api.w.org\/{rel}","templated":true}]}}