{"id":6593,"date":"2020-02-21T13:30:31","date_gmt":"2020-02-21T10:30:31","guid":{"rendered":"http:\/\/ybm.comu.edu.tr\/?page_id=6593"},"modified":"2020-03-10T16:32:14","modified_gmt":"2020-03-10T13:32:14","slug":"aynisini-bul","status":"publish","type":"page","link":"https:\/\/ybm.org.tr\/ybm\/aynisini-bul\/","title":{"rendered":"Kar\u0131\u015f\u0131k E\u015fle\u015ftirme"},"content":{"rendered":"<p><iframe loading=\"lazy\" src=\"http:\/\/ybm.comu.edu.tr\/wp-admin\/admin-ajax.php?action=h5p_embed&#038;id=1\" width=\"1108\" height=\"289\" frameborder=\"0\" allowfullscreen=\"allowfullscreen\"><\/iframe><script src=\"http:\/\/ybm.comu.edu.tr\/wp-content\/plugins\/h5p\/h5p-php-library\/js\/h5p-resizer.js\" charset=\"UTF-8\"><\/script><\/p>\n","protected":false},"excerpt":{"rendered":"","protected":false},"author":14,"featured_media":0,"parent":0,"menu_order":0,"comment_status":"closed","ping_status":"closed","template":"custom-page.php","meta":{"footnotes":""},"class_list":["post-6593","page","type-page","status-publish","czr-hentry"],"_links":{"self":[{"href":"https:\/\/ybm.org.tr\/ybm\/wp-json\/wp\/v2\/pages\/6593","targetHints":{"allow":["GET"]}}],"collection":[{"href":"https:\/\/ybm.org.tr\/ybm\/wp-json\/wp\/v2\/pages"}],"about":[{"href":"https:\/\/ybm.org.tr\/ybm\/wp-json\/wp\/v2\/types\/page"}],"author":[{"embeddable":true,"href":"https:\/\/ybm.org.tr\/ybm\/wp-json\/wp\/v2\/users\/14"}],"replies":[{"embeddable":true,"href":"https:\/\/ybm.org.tr\/ybm\/wp-json\/wp\/v2\/comments?post=6593"}],"version-history":[{"count":0,"href":"https:\/\/ybm.org.tr\/ybm\/wp-json\/wp\/v2\/pages\/6593\/revisions"}],"wp:attachment":[{"href":"https:\/\/ybm.org.tr\/ybm\/wp-json\/wp\/v2\/media?parent=6593"}],"curies":[{"name":"wp","href":"https:\/\/api.w.org\/{rel}","templated":true}]}}