{"id":9791,"date":"2025-09-23T00:35:45","date_gmt":"2025-09-22T21:35:45","guid":{"rendered":"https:\/\/ybm.org.tr\/ybm\/?page_id=9791"},"modified":"2025-09-23T00:43:17","modified_gmt":"2025-09-22T21:43:17","slug":"bagisci-eserleri","status":"publish","type":"page","link":"https:\/\/ybm.org.tr\/ybm\/bagisci-eserleri\/","title":{"rendered":"Ba\u011f\u0131\u015f\u00e7\u0131 Eserleri"},"content":{"rendered":"<p>Ba\u011f\u0131\u015f\u00e7\u0131 belirtilmedi.<\/p>\n","protected":false},"excerpt":{"rendered":"","protected":false},"author":1,"featured_media":0,"parent":0,"menu_order":0,"comment_status":"closed","ping_status":"closed","template":"","meta":{"footnotes":""},"class_list":["post-9791","page","type-page","status-publish","czr-hentry"],"_links":{"self":[{"href":"https:\/\/ybm.org.tr\/ybm\/wp-json\/wp\/v2\/pages\/9791","targetHints":{"allow":["GET"]}}],"collection":[{"href":"https:\/\/ybm.org.tr\/ybm\/wp-json\/wp\/v2\/pages"}],"about":[{"href":"https:\/\/ybm.org.tr\/ybm\/wp-json\/wp\/v2\/types\/page"}],"author":[{"embeddable":true,"href":"https:\/\/ybm.org.tr\/ybm\/wp-json\/wp\/v2\/users\/1"}],"replies":[{"embeddable":true,"href":"https:\/\/ybm.org.tr\/ybm\/wp-json\/wp\/v2\/comments?post=9791"}],"version-history":[{"count":1,"href":"https:\/\/ybm.org.tr\/ybm\/wp-json\/wp\/v2\/pages\/9791\/revisions"}],"predecessor-version":[{"id":9793,"href":"https:\/\/ybm.org.tr\/ybm\/wp-json\/wp\/v2\/pages\/9791\/revisions\/9793"}],"wp:attachment":[{"href":"https:\/\/ybm.org.tr\/ybm\/wp-json\/wp\/v2\/media?parent=9791"}],"curies":[{"name":"wp","href":"https:\/\/api.w.org\/{rel}","templated":true}]}}