{"id":1091,"date":"2019-03-09T23:49:06","date_gmt":"2019-03-09T20:49:06","guid":{"rendered":"http:\/\/ybm.comu.edu.tr\/v5\/?post_type=product&#038;p=1091"},"modified":"2019-03-09T23:49:07","modified_gmt":"2019-03-09T20:49:07","slug":"yildiz-tasi","status":"publish","type":"product","link":"https:\/\/ybm.org.tr\/ybm\/product\/yildiz-tasi\/","title":{"rendered":"Y\u0131ld\u0131z ta\u015f\u0131"},"content":{"rendered":"<p><img loading=\"lazy\" decoding=\"async\" class=\"alignnone size-full wp-image-1092\" src=\"http:\/\/ybm.comu.edu.tr\/v5\/wp-content\/uploads\/2019\/03\/Y\u0131ld\u0131z-ta\u015f\u0131.jpg\" alt=\"Y\u0131ld\u0131z ta\u015f\u0131\" width=\"800\" height=\"599\" srcset=\"https:\/\/ybm.org.tr\/ybm\/wp-content\/uploads\/2019\/03\/Y\u0131ld\u0131z-ta\u015f\u0131.jpg 800w, https:\/\/ybm.org.tr\/ybm\/wp-content\/uploads\/2019\/03\/Y\u0131ld\u0131z-ta\u015f\u0131-300x225.jpg 300w, https:\/\/ybm.org.tr\/ybm\/wp-content\/uploads\/2019\/03\/Y\u0131ld\u0131z-ta\u015f\u0131-768x575.jpg 768w, https:\/\/ybm.org.tr\/ybm\/wp-content\/uploads\/2019\/03\/Y\u0131ld\u0131z-ta\u015f\u0131-570x427.jpg 570w, https:\/\/ybm.org.tr\/ybm\/wp-content\/uploads\/2019\/03\/Y\u0131ld\u0131z-ta\u015f\u0131-600x450.jpg 600w, https:\/\/ybm.org.tr\/ybm\/wp-content\/uploads\/2019\/03\/Y\u0131ld\u0131z-ta\u015f\u0131-64x48.jpg 64w, https:\/\/ybm.org.tr\/ybm\/wp-content\/uploads\/2019\/03\/Y\u0131ld\u0131z-ta\u015f\u0131-214x160.jpg 214w, https:\/\/ybm.org.tr\/ybm\/wp-content\/uploads\/2019\/03\/Y\u0131ld\u0131z-ta\u015f\u0131-150x112.jpg 150w\" sizes=\"auto, (max-width: 800px) 100vw, 800px\" \/><\/p>\n","protected":false},"excerpt":{"rendered":"","protected":false},"featured_media":1092,"template":"","meta":[],"product_brand":[],"product_cat":[17],"product_tag":[],"class_list":{"0":"post-1091","1":"product","2":"type-product","3":"status-publish","4":"has-post-thumbnail","6":"product_cat-kayaclar","7":"pa_boylam-54-72372651100","8":"pa_enlem-8-593571142774","9":"pa_gelis_tarihi-2011-04-27","10":"pa_lokasyon-adi-rio-de-janeiro-brezilya-brazil","11":"pa_malz_alindigi_kisi-emin-ulugergerli-comu","12":"pa_malzemenin-alindigi-yer-brezilya-brazil","13":"pa_ornek_no-k388","15":"first","16":"instock","17":"shipping-taxable","18":"product-type-simple","19":"czr-hentry"},"_links":{"self":[{"href":"https:\/\/ybm.org.tr\/ybm\/wp-json\/wp\/v2\/product\/1091","targetHints":{"allow":["GET"]}}],"collection":[{"href":"https:\/\/ybm.org.tr\/ybm\/wp-json\/wp\/v2\/product"}],"about":[{"href":"https:\/\/ybm.org.tr\/ybm\/wp-json\/wp\/v2\/types\/product"}],"wp:featuredmedia":[{"embeddable":true,"href":"https:\/\/ybm.org.tr\/ybm\/wp-json\/wp\/v2\/media\/1092"}],"wp:attachment":[{"href":"https:\/\/ybm.org.tr\/ybm\/wp-json\/wp\/v2\/media?parent=1091"}],"wp:term":[{"taxonomy":"product_brand","embeddable":true,"href":"https:\/\/ybm.org.tr\/ybm\/wp-json\/wp\/v2\/product_brand?post=1091"},{"taxonomy":"product_cat","embeddable":true,"href":"https:\/\/ybm.org.tr\/ybm\/wp-json\/wp\/v2\/product_cat?post=1091"},{"taxonomy":"product_tag","embeddable":true,"href":"https:\/\/ybm.org.tr\/ybm\/wp-json\/wp\/v2\/product_tag?post=1091"}],"curies":[{"name":"wp","href":"https:\/\/api.w.org\/{rel}","templated":true}]}}