{"id":1171,"date":"2019-03-10T01:53:03","date_gmt":"2019-03-09T22:53:03","guid":{"rendered":"http:\/\/ybm.comu.edu.tr\/v5\/?post_type=product&#038;p=1171"},"modified":"2019-03-10T01:53:03","modified_gmt":"2019-03-09T22:53:03","slug":"bobrektasi","status":"publish","type":"product","link":"https:\/\/ybm.org.tr\/ybm\/product\/bobrektasi\/","title":{"rendered":"B\u00f6brekta\u015f\u0131"},"content":{"rendered":"<p><img loading=\"lazy\" decoding=\"async\" class=\"alignnone size-full wp-image-1172\" src=\"http:\/\/ybm.comu.edu.tr\/v5\/wp-content\/uploads\/2019\/03\/B\u00f6brekta\u015f\u0131.jpg\" alt=\"B\u00f6brekta\u015f\u0131\" width=\"800\" height=\"599\" srcset=\"https:\/\/ybm.org.tr\/ybm\/wp-content\/uploads\/2019\/03\/B\u00f6brekta\u015f\u0131.jpg 800w, https:\/\/ybm.org.tr\/ybm\/wp-content\/uploads\/2019\/03\/B\u00f6brekta\u015f\u0131-300x225.jpg 300w, https:\/\/ybm.org.tr\/ybm\/wp-content\/uploads\/2019\/03\/B\u00f6brekta\u015f\u0131-768x575.jpg 768w, https:\/\/ybm.org.tr\/ybm\/wp-content\/uploads\/2019\/03\/B\u00f6brekta\u015f\u0131-570x427.jpg 570w, https:\/\/ybm.org.tr\/ybm\/wp-content\/uploads\/2019\/03\/B\u00f6brekta\u015f\u0131-600x450.jpg 600w, https:\/\/ybm.org.tr\/ybm\/wp-content\/uploads\/2019\/03\/B\u00f6brekta\u015f\u0131-64x48.jpg 64w, https:\/\/ybm.org.tr\/ybm\/wp-content\/uploads\/2019\/03\/B\u00f6brekta\u015f\u0131-214x160.jpg 214w, https:\/\/ybm.org.tr\/ybm\/wp-content\/uploads\/2019\/03\/B\u00f6brekta\u015f\u0131-150x112.jpg 150w\" sizes=\"auto, (max-width: 800px) 100vw, 800px\" \/><\/p>\n","protected":false},"excerpt":{"rendered":"","protected":false},"featured_media":1172,"template":"","meta":[],"product_brand":[],"product_cat":[16],"product_tag":[],"class_list":{"0":"post-1171","1":"product","2":"type-product","3":"status-publish","4":"has-post-thumbnail","6":"product_cat-mineraller","7":"pa_boylam-26-404813528060","8":"pa_enlem-40-143985284219","9":"pa_gelis_tarihi-2010-10-26","10":"pa_malzemenin-alindigi-yer-canakkale-turkiye-turkey","11":"pa_ornek_no-k252","12":"pa_raf_no-k252","14":"first","15":"instock","16":"shipping-taxable","17":"product-type-simple","18":"czr-hentry"},"_links":{"self":[{"href":"https:\/\/ybm.org.tr\/ybm\/wp-json\/wp\/v2\/product\/1171","targetHints":{"allow":["GET"]}}],"collection":[{"href":"https:\/\/ybm.org.tr\/ybm\/wp-json\/wp\/v2\/product"}],"about":[{"href":"https:\/\/ybm.org.tr\/ybm\/wp-json\/wp\/v2\/types\/product"}],"wp:featuredmedia":[{"embeddable":true,"href":"https:\/\/ybm.org.tr\/ybm\/wp-json\/wp\/v2\/media\/1172"}],"wp:attachment":[{"href":"https:\/\/ybm.org.tr\/ybm\/wp-json\/wp\/v2\/media?parent=1171"}],"wp:term":[{"taxonomy":"product_brand","embeddable":true,"href":"https:\/\/ybm.org.tr\/ybm\/wp-json\/wp\/v2\/product_brand?post=1171"},{"taxonomy":"product_cat","embeddable":true,"href":"https:\/\/ybm.org.tr\/ybm\/wp-json\/wp\/v2\/product_cat?post=1171"},{"taxonomy":"product_tag","embeddable":true,"href":"https:\/\/ybm.org.tr\/ybm\/wp-json\/wp\/v2\/product_tag?post=1171"}],"curies":[{"name":"wp","href":"https:\/\/api.w.org\/{rel}","templated":true}]}}