{"id":1201,"date":"2019-03-10T02:42:41","date_gmt":"2019-03-09T23:42:41","guid":{"rendered":"http:\/\/ybm.comu.edu.tr\/v5\/?post_type=product&#038;p=1201"},"modified":"2019-03-10T02:42:42","modified_gmt":"2019-03-09T23:42:42","slug":"halit","status":"publish","type":"product","link":"https:\/\/ybm.org.tr\/ybm\/product\/halit\/","title":{"rendered":"Halit"},"content":{"rendered":"<p><img loading=\"lazy\" decoding=\"async\" class=\"alignnone size-full wp-image-1202\" src=\"http:\/\/ybm.comu.edu.tr\/v5\/wp-content\/uploads\/2019\/03\/Halit-1.jpg\" alt=\"Halit\" width=\"700\" height=\"934\" srcset=\"https:\/\/ybm.org.tr\/ybm\/wp-content\/uploads\/2019\/03\/Halit-1.jpg 700w, https:\/\/ybm.org.tr\/ybm\/wp-content\/uploads\/2019\/03\/Halit-1-225x300.jpg 225w, https:\/\/ybm.org.tr\/ybm\/wp-content\/uploads\/2019\/03\/Halit-1-570x761.jpg 570w, https:\/\/ybm.org.tr\/ybm\/wp-content\/uploads\/2019\/03\/Halit-1-300x400.jpg 300w, https:\/\/ybm.org.tr\/ybm\/wp-content\/uploads\/2019\/03\/Halit-1-600x801.jpg 600w, https:\/\/ybm.org.tr\/ybm\/wp-content\/uploads\/2019\/03\/Halit-1-64x85.jpg 64w, https:\/\/ybm.org.tr\/ybm\/wp-content\/uploads\/2019\/03\/Halit-1-450x600.jpg 450w, https:\/\/ybm.org.tr\/ybm\/wp-content\/uploads\/2019\/03\/Halit-1-120x160.jpg 120w, https:\/\/ybm.org.tr\/ybm\/wp-content\/uploads\/2019\/03\/Halit-1-112x150.jpg 112w\" sizes=\"auto, (max-width: 700px) 100vw, 700px\" \/><\/p>\n","protected":false},"excerpt":{"rendered":"<p>Kristal Sistemi, K\u00fcbik Kristal Bi\u00e7imi, \u00c7o\u011funlukla k\u00fcbik kristalli; masif, tanesel, kompakt Sertlik, 2 \u00d6zg\u00fcl A\u011f\u0131rl\u0131k, 2.168 Dilinim, {001} m\u00fckemmel Renk ve \u015eeffafl\u0131k, Renksiz, beyaz, sar\u0131, turuncu, k\u0131rm\u0131z\u0131ms\u0131, mor, mavi; \u015feffaf-yar\u0131\u015feffaf Parlakl\u0131k, Cams\u0131 Ay\u0131r\u0131c\u0131 \u00d6zellikleri, Suda kolay \u00e7\u00f6z\u00fcnmesi, \u015fekli, tad\u0131 Bulunu\u015fu, Halit, evaporit ortamlarda yayg\u0131n olarak olu\u015fan bir mineraldir. Tuzlu sular\u0131n evaporasyonu ile olu\u015fan evaporit yataklar\u0131nda bulunur. G\u00fcncel olarak playa ortamlar\u0131nda olu\u015fabilir. Silvin, jips ve anhidrit gibi minerallerle birlikte bulunur.<\/p>\n","protected":false},"featured_media":1202,"template":"","meta":[],"product_brand":[],"product_cat":[16],"product_tag":[],"class_list":{"0":"post-1201","1":"product","2":"type-product","3":"status-publish","4":"has-post-thumbnail","6":"product_cat-mineraller","7":"pa_boylam-26-404813528060","8":"pa_enlem-40-143985284219","9":"pa_gelis_tarihi-0000-00-00","10":"pa_isim-halit","11":"pa_lokasyon-adi-tuzla-jeotermal-alani","12":"pa_malz_alindigi_kisi-ozan-deniz-comu","13":"pa_malzemenin-alindigi-yer-tuzla-canakkale-turkiye-turkey","14":"pa_mineral_bilesimi-nacl","15":"pa_ornek_no-734","16":"pa_raf_no-733","18":"first","19":"instock","20":"shipping-taxable","21":"product-type-simple","22":"czr-hentry"},"_links":{"self":[{"href":"https:\/\/ybm.org.tr\/ybm\/wp-json\/wp\/v2\/product\/1201","targetHints":{"allow":["GET"]}}],"collection":[{"href":"https:\/\/ybm.org.tr\/ybm\/wp-json\/wp\/v2\/product"}],"about":[{"href":"https:\/\/ybm.org.tr\/ybm\/wp-json\/wp\/v2\/types\/product"}],"wp:featuredmedia":[{"embeddable":true,"href":"https:\/\/ybm.org.tr\/ybm\/wp-json\/wp\/v2\/media\/1202"}],"wp:attachment":[{"href":"https:\/\/ybm.org.tr\/ybm\/wp-json\/wp\/v2\/media?parent=1201"}],"wp:term":[{"taxonomy":"product_brand","embeddable":true,"href":"https:\/\/ybm.org.tr\/ybm\/wp-json\/wp\/v2\/product_brand?post=1201"},{"taxonomy":"product_cat","embeddable":true,"href":"https:\/\/ybm.org.tr\/ybm\/wp-json\/wp\/v2\/product_cat?post=1201"},{"taxonomy":"product_tag","embeddable":true,"href":"https:\/\/ybm.org.tr\/ybm\/wp-json\/wp\/v2\/product_tag?post=1201"}],"curies":[{"name":"wp","href":"https:\/\/api.w.org\/{rel}","templated":true}]}}