{"id":1261,"date":"2019-03-10T03:41:10","date_gmt":"2019-03-10T00:41:10","guid":{"rendered":"http:\/\/ybm.comu.edu.tr\/v5\/?post_type=product&#038;p=1261"},"modified":"2023-12-12T19:10:01","modified_gmt":"2023-12-12T16:10:01","slug":"cort-nodulu","status":"publish","type":"product","link":"https:\/\/ybm.org.tr\/ybm\/product\/cort-nodulu\/","title":{"rendered":"\u00c7\u00f6rt Nod\u00fcl\u00fc"},"content":{"rendered":"<p><img loading=\"lazy\" decoding=\"async\" class=\"alignnone size-full wp-image-1262\" src=\"http:\/\/ybm.comu.edu.tr\/v5\/wp-content\/uploads\/2019\/03\/\u00c7\u00f6rt-nod\u00fcl\u00fc.jpg\" alt=\"\u00c7\u00f6rt nod\u00fcl\u00fc\" width=\"800\" height=\"536\" srcset=\"https:\/\/ybm.org.tr\/ybm\/wp-content\/uploads\/2019\/03\/\u00c7\u00f6rt-nod\u00fcl\u00fc.jpg 800w, https:\/\/ybm.org.tr\/ybm\/wp-content\/uploads\/2019\/03\/\u00c7\u00f6rt-nod\u00fcl\u00fc-300x201.jpg 300w, https:\/\/ybm.org.tr\/ybm\/wp-content\/uploads\/2019\/03\/\u00c7\u00f6rt-nod\u00fcl\u00fc-768x515.jpg 768w, https:\/\/ybm.org.tr\/ybm\/wp-content\/uploads\/2019\/03\/\u00c7\u00f6rt-nod\u00fcl\u00fc-570x382.jpg 570w, https:\/\/ybm.org.tr\/ybm\/wp-content\/uploads\/2019\/03\/\u00c7\u00f6rt-nod\u00fcl\u00fc-600x402.jpg 600w, https:\/\/ybm.org.tr\/ybm\/wp-content\/uploads\/2019\/03\/\u00c7\u00f6rt-nod\u00fcl\u00fc-64x43.jpg 64w, https:\/\/ybm.org.tr\/ybm\/wp-content\/uploads\/2019\/03\/\u00c7\u00f6rt-nod\u00fcl\u00fc-239x160.jpg 239w, https:\/\/ybm.org.tr\/ybm\/wp-content\/uploads\/2019\/03\/\u00c7\u00f6rt-nod\u00fcl\u00fc-150x101.jpg 150w, https:\/\/ybm.org.tr\/ybm\/wp-content\/uploads\/2019\/03\/\u00c7\u00f6rt-nod\u00fcl\u00fc-272x182.jpg 272w\" sizes=\"auto, (max-width: 800px) 100vw, 800px\" \/><\/p>\n","protected":false},"excerpt":{"rendered":"","protected":false},"featured_media":1262,"template":"","meta":[],"product_brand":[],"product_cat":[17],"product_tag":[],"class_list":{"0":"post-1261","1":"product","2":"type-product","3":"status-publish","4":"has-post-thumbnail","6":"product_cat-kayaclar","7":"pa_boylam-54-40512299537","8":"pa_enlem-8-799911267166","9":"pa_gelis_tarihi-2010-09-27","10":"pa_lokasyon-adi-rio-de-janeiro-brezilya-brazil","11":"pa_malz_alindigi_kisi-emin-ulugergerli-comu","12":"pa_malzemenin-alindigi-yer-brezilya-brazil","13":"pa_ornek_no-k221","14":"pa_raf_no-k221","16":"first","17":"instock","18":"shipping-taxable","19":"product-type-simple","20":"czr-hentry"},"_links":{"self":[{"href":"https:\/\/ybm.org.tr\/ybm\/wp-json\/wp\/v2\/product\/1261","targetHints":{"allow":["GET"]}}],"collection":[{"href":"https:\/\/ybm.org.tr\/ybm\/wp-json\/wp\/v2\/product"}],"about":[{"href":"https:\/\/ybm.org.tr\/ybm\/wp-json\/wp\/v2\/types\/product"}],"wp:featuredmedia":[{"embeddable":true,"href":"https:\/\/ybm.org.tr\/ybm\/wp-json\/wp\/v2\/media\/1262"}],"wp:attachment":[{"href":"https:\/\/ybm.org.tr\/ybm\/wp-json\/wp\/v2\/media?parent=1261"}],"wp:term":[{"taxonomy":"product_brand","embeddable":true,"href":"https:\/\/ybm.org.tr\/ybm\/wp-json\/wp\/v2\/product_brand?post=1261"},{"taxonomy":"product_cat","embeddable":true,"href":"https:\/\/ybm.org.tr\/ybm\/wp-json\/wp\/v2\/product_cat?post=1261"},{"taxonomy":"product_tag","embeddable":true,"href":"https:\/\/ybm.org.tr\/ybm\/wp-json\/wp\/v2\/product_tag?post=1261"}],"curies":[{"name":"wp","href":"https:\/\/api.w.org\/{rel}","templated":true}]}}