{"id":1285,"date":"2019-03-10T04:10:22","date_gmt":"2019-03-10T01:10:22","guid":{"rendered":"http:\/\/ybm.comu.edu.tr\/v5\/?post_type=product&#038;p=1285"},"modified":"2023-12-12T19:09:32","modified_gmt":"2023-12-12T16:09:32","slug":"yari-degerli-sus-taslari","status":"publish","type":"product","link":"https:\/\/ybm.org.tr\/ybm\/product\/yari-degerli-sus-taslari\/","title":{"rendered":"Yar\u0131 De\u011ferli S\u00fcs Ta\u015flar\u0131"},"content":{"rendered":"<p><img loading=\"lazy\" decoding=\"async\" class=\"alignnone size-full wp-image-1286\" src=\"http:\/\/ybm.comu.edu.tr\/v5\/wp-content\/uploads\/2019\/03\/Yar\u0131-de\u011ferli-s\u00fcs-ta\u015flar\u0131.jpg\" alt=\"Yar\u0131 de\u011ferli s\u00fcs ta\u015flar\u0131\" width=\"800\" height=\"532\" srcset=\"https:\/\/ybm.org.tr\/ybm\/wp-content\/uploads\/2019\/03\/Yar\u0131-de\u011ferli-s\u00fcs-ta\u015flar\u0131.jpg 800w, https:\/\/ybm.org.tr\/ybm\/wp-content\/uploads\/2019\/03\/Yar\u0131-de\u011ferli-s\u00fcs-ta\u015flar\u0131-300x200.jpg 300w, https:\/\/ybm.org.tr\/ybm\/wp-content\/uploads\/2019\/03\/Yar\u0131-de\u011ferli-s\u00fcs-ta\u015flar\u0131-768x511.jpg 768w, https:\/\/ybm.org.tr\/ybm\/wp-content\/uploads\/2019\/03\/Yar\u0131-de\u011ferli-s\u00fcs-ta\u015flar\u0131-570x379.jpg 570w, https:\/\/ybm.org.tr\/ybm\/wp-content\/uploads\/2019\/03\/Yar\u0131-de\u011ferli-s\u00fcs-ta\u015flar\u0131-600x399.jpg 600w, https:\/\/ybm.org.tr\/ybm\/wp-content\/uploads\/2019\/03\/Yar\u0131-de\u011ferli-s\u00fcs-ta\u015flar\u0131-64x43.jpg 64w, https:\/\/ybm.org.tr\/ybm\/wp-content\/uploads\/2019\/03\/Yar\u0131-de\u011ferli-s\u00fcs-ta\u015flar\u0131-241x160.jpg 241w, https:\/\/ybm.org.tr\/ybm\/wp-content\/uploads\/2019\/03\/Yar\u0131-de\u011ferli-s\u00fcs-ta\u015flar\u0131-150x100.jpg 150w, https:\/\/ybm.org.tr\/ybm\/wp-content\/uploads\/2019\/03\/Yar\u0131-de\u011ferli-s\u00fcs-ta\u015flar\u0131-272x182.jpg 272w\" sizes=\"auto, (max-width: 800px) 100vw, 800px\" \/><\/p>\n","protected":false},"excerpt":{"rendered":"","protected":false},"featured_media":1286,"template":"","meta":[],"product_brand":[],"product_cat":[16],"product_tag":[],"class_list":{"0":"post-1285","1":"product","2":"type-product","3":"status-publish","4":"has-post-thumbnail","6":"product_cat-mineraller","7":"pa_boylam-26-404813528060","8":"pa_enlem-40-143985284219","9":"pa_gelis_tarihi-2010-09-13","10":"pa_malz_alindigi_kisi-hasan-ozdilek-comu","11":"pa_malzemenin-alindigi-yer-canakkale-turkiye-turkey","12":"pa_ornek_no-m204","13":"pa_raf_no-m204","15":"first","16":"instock","17":"shipping-taxable","18":"product-type-simple","19":"czr-hentry"},"_links":{"self":[{"href":"https:\/\/ybm.org.tr\/ybm\/wp-json\/wp\/v2\/product\/1285","targetHints":{"allow":["GET"]}}],"collection":[{"href":"https:\/\/ybm.org.tr\/ybm\/wp-json\/wp\/v2\/product"}],"about":[{"href":"https:\/\/ybm.org.tr\/ybm\/wp-json\/wp\/v2\/types\/product"}],"wp:featuredmedia":[{"embeddable":true,"href":"https:\/\/ybm.org.tr\/ybm\/wp-json\/wp\/v2\/media\/1286"}],"wp:attachment":[{"href":"https:\/\/ybm.org.tr\/ybm\/wp-json\/wp\/v2\/media?parent=1285"}],"wp:term":[{"taxonomy":"product_brand","embeddable":true,"href":"https:\/\/ybm.org.tr\/ybm\/wp-json\/wp\/v2\/product_brand?post=1285"},{"taxonomy":"product_cat","embeddable":true,"href":"https:\/\/ybm.org.tr\/ybm\/wp-json\/wp\/v2\/product_cat?post=1285"},{"taxonomy":"product_tag","embeddable":true,"href":"https:\/\/ybm.org.tr\/ybm\/wp-json\/wp\/v2\/product_tag?post=1285"}],"curies":[{"name":"wp","href":"https:\/\/api.w.org\/{rel}","templated":true}]}}