{"id":1319,"date":"2019-03-10T04:39:01","date_gmt":"2019-03-10T01:39:01","guid":{"rendered":"http:\/\/ybm.comu.edu.tr\/v5\/?post_type=product&#038;p=1319"},"modified":"2023-12-12T19:09:20","modified_gmt":"2023-12-12T16:09:20","slug":"silislesmis-agac-2","status":"publish","type":"product","link":"https:\/\/ybm.org.tr\/ybm\/product\/silislesmis-agac-2\/","title":{"rendered":"Silisle\u015fmi\u015f A\u011fa\u00e7"},"content":{"rendered":"<p><img loading=\"lazy\" decoding=\"async\" class=\"alignnone size-full wp-image-1320\" src=\"http:\/\/ybm.comu.edu.tr\/v5\/wp-content\/uploads\/2019\/03\/Silisle\u015fmi\u015f-a\u011fa\u00e7-2-1.jpg\" alt=\"Silisle\u015fmi\u015f a\u011fa\u00e7\" width=\"774\" height=\"581\" srcset=\"https:\/\/ybm.org.tr\/ybm\/wp-content\/uploads\/2019\/03\/Silisle\u015fmi\u015f-a\u011fa\u00e7-2-1.jpg 774w, https:\/\/ybm.org.tr\/ybm\/wp-content\/uploads\/2019\/03\/Silisle\u015fmi\u015f-a\u011fa\u00e7-2-1-300x225.jpg 300w, https:\/\/ybm.org.tr\/ybm\/wp-content\/uploads\/2019\/03\/Silisle\u015fmi\u015f-a\u011fa\u00e7-2-1-768x576.jpg 768w, https:\/\/ybm.org.tr\/ybm\/wp-content\/uploads\/2019\/03\/Silisle\u015fmi\u015f-a\u011fa\u00e7-2-1-570x428.jpg 570w, https:\/\/ybm.org.tr\/ybm\/wp-content\/uploads\/2019\/03\/Silisle\u015fmi\u015f-a\u011fa\u00e7-2-1-600x450.jpg 600w, https:\/\/ybm.org.tr\/ybm\/wp-content\/uploads\/2019\/03\/Silisle\u015fmi\u015f-a\u011fa\u00e7-2-1-64x48.jpg 64w, https:\/\/ybm.org.tr\/ybm\/wp-content\/uploads\/2019\/03\/Silisle\u015fmi\u015f-a\u011fa\u00e7-2-1-213x160.jpg 213w, https:\/\/ybm.org.tr\/ybm\/wp-content\/uploads\/2019\/03\/Silisle\u015fmi\u015f-a\u011fa\u00e7-2-1-150x113.jpg 150w\" sizes=\"auto, (max-width: 774px) 100vw, 774px\" \/><\/p>\n","protected":false},"excerpt":{"rendered":"","protected":false},"featured_media":1320,"template":"","meta":[],"product_brand":[],"product_cat":[18],"product_tag":[],"class_list":{"0":"post-1319","1":"product","2":"type-product","3":"status-publish","4":"has-post-thumbnail","6":"product_cat-fosil","7":"pa_boylam-33-447875976562","8":"pa_enlem-40-145289295676","9":"pa_gelis_tarihi-2012-01-03","10":"pa_isim-silislesmis","11":"pa_lokasyon-adi-alanhimmetler-koyu-seben","12":"pa_malz_alindigi_kisi-inci-inal-d-s-i-ankara","13":"pa_ornek_no-f456","14":"pa_raf_no-f558","16":"first","17":"instock","18":"shipping-taxable","19":"product-type-simple","20":"czr-hentry"},"_links":{"self":[{"href":"https:\/\/ybm.org.tr\/ybm\/wp-json\/wp\/v2\/product\/1319","targetHints":{"allow":["GET"]}}],"collection":[{"href":"https:\/\/ybm.org.tr\/ybm\/wp-json\/wp\/v2\/product"}],"about":[{"href":"https:\/\/ybm.org.tr\/ybm\/wp-json\/wp\/v2\/types\/product"}],"wp:featuredmedia":[{"embeddable":true,"href":"https:\/\/ybm.org.tr\/ybm\/wp-json\/wp\/v2\/media\/1320"}],"wp:attachment":[{"href":"https:\/\/ybm.org.tr\/ybm\/wp-json\/wp\/v2\/media?parent=1319"}],"wp:term":[{"taxonomy":"product_brand","embeddable":true,"href":"https:\/\/ybm.org.tr\/ybm\/wp-json\/wp\/v2\/product_brand?post=1319"},{"taxonomy":"product_cat","embeddable":true,"href":"https:\/\/ybm.org.tr\/ybm\/wp-json\/wp\/v2\/product_cat?post=1319"},{"taxonomy":"product_tag","embeddable":true,"href":"https:\/\/ybm.org.tr\/ybm\/wp-json\/wp\/v2\/product_tag?post=1319"}],"curies":[{"name":"wp","href":"https:\/\/api.w.org\/{rel}","templated":true}]}}