{"id":1325,"date":"2019-03-10T04:44:02","date_gmt":"2019-03-10T01:44:02","guid":{"rendered":"http:\/\/ybm.comu.edu.tr\/v5\/?post_type=product&#038;p=1325"},"modified":"2023-12-12T19:09:08","modified_gmt":"2023-12-12T16:09:08","slug":"silislesmis-agac-4","status":"publish","type":"product","link":"https:\/\/ybm.org.tr\/ybm\/product\/silislesmis-agac-4\/","title":{"rendered":"Silisle\u015fmi\u015f A\u011fa\u00e7"},"content":{"rendered":"<p><img loading=\"lazy\" decoding=\"async\" class=\"alignnone size-full wp-image-1326\" src=\"http:\/\/ybm.comu.edu.tr\/v5\/wp-content\/uploads\/2019\/03\/Silisle\u015fmi\u015f-a\u011fa\u00e7-4.jpg\" alt=\"Silisle\u015fmi\u015f a\u011fa\u00e7\" width=\"534\" height=\"800\" srcset=\"https:\/\/ybm.org.tr\/ybm\/wp-content\/uploads\/2019\/03\/Silisle\u015fmi\u015f-a\u011fa\u00e7-4.jpg 534w, https:\/\/ybm.org.tr\/ybm\/wp-content\/uploads\/2019\/03\/Silisle\u015fmi\u015f-a\u011fa\u00e7-4-200x300.jpg 200w, https:\/\/ybm.org.tr\/ybm\/wp-content\/uploads\/2019\/03\/Silisle\u015fmi\u015f-a\u011fa\u00e7-4-300x449.jpg 300w, https:\/\/ybm.org.tr\/ybm\/wp-content\/uploads\/2019\/03\/Silisle\u015fmi\u015f-a\u011fa\u00e7-4-64x96.jpg 64w, https:\/\/ybm.org.tr\/ybm\/wp-content\/uploads\/2019\/03\/Silisle\u015fmi\u015f-a\u011fa\u00e7-4-401x600.jpg 401w, https:\/\/ybm.org.tr\/ybm\/wp-content\/uploads\/2019\/03\/Silisle\u015fmi\u015f-a\u011fa\u00e7-4-107x160.jpg 107w, https:\/\/ybm.org.tr\/ybm\/wp-content\/uploads\/2019\/03\/Silisle\u015fmi\u015f-a\u011fa\u00e7-4-100x150.jpg 100w\" sizes=\"auto, (max-width: 534px) 100vw, 534px\" \/><\/p>\n","protected":false},"excerpt":{"rendered":"","protected":false},"featured_media":1326,"template":"","meta":[],"product_brand":[],"product_cat":[18],"product_tag":[],"class_list":{"0":"post-1325","1":"product","2":"type-product","3":"status-publish","4":"has-post-thumbnail","6":"product_cat-fosil","7":"pa_boylam-31-627439260482","8":"pa_enlem-40-750126129313","9":"pa_gelis_tarihi-2011-03-22","10":"pa_lokasyon-adi-kibriscik","11":"pa_malz_alindigi_kisi-nazif-demir-d-s-i-balikesir","12":"pa_malzemenin-alindigi-yer-kibriscik-bolu-turkiye","13":"pa_ornek_no-f359","14":"pa_raf_no-f359","16":"first","17":"instock","18":"shipping-taxable","19":"product-type-simple","20":"czr-hentry"},"_links":{"self":[{"href":"https:\/\/ybm.org.tr\/ybm\/wp-json\/wp\/v2\/product\/1325","targetHints":{"allow":["GET"]}}],"collection":[{"href":"https:\/\/ybm.org.tr\/ybm\/wp-json\/wp\/v2\/product"}],"about":[{"href":"https:\/\/ybm.org.tr\/ybm\/wp-json\/wp\/v2\/types\/product"}],"wp:featuredmedia":[{"embeddable":true,"href":"https:\/\/ybm.org.tr\/ybm\/wp-json\/wp\/v2\/media\/1326"}],"wp:attachment":[{"href":"https:\/\/ybm.org.tr\/ybm\/wp-json\/wp\/v2\/media?parent=1325"}],"wp:term":[{"taxonomy":"product_brand","embeddable":true,"href":"https:\/\/ybm.org.tr\/ybm\/wp-json\/wp\/v2\/product_brand?post=1325"},{"taxonomy":"product_cat","embeddable":true,"href":"https:\/\/ybm.org.tr\/ybm\/wp-json\/wp\/v2\/product_cat?post=1325"},{"taxonomy":"product_tag","embeddable":true,"href":"https:\/\/ybm.org.tr\/ybm\/wp-json\/wp\/v2\/product_tag?post=1325"}],"curies":[{"name":"wp","href":"https:\/\/api.w.org\/{rel}","templated":true}]}}