{"id":1445,"date":"2019-03-10T12:29:13","date_gmt":"2019-03-10T09:29:13","guid":{"rendered":"http:\/\/ybm.comu.edu.tr\/v5\/?post_type=product&#038;p=1445"},"modified":"2022-06-06T14:19:53","modified_gmt":"2022-06-06T11:19:53","slug":"kok-zumrut","status":"publish","type":"product","link":"https:\/\/ybm.org.tr\/ybm\/product\/kok-zumrut\/","title":{"rendered":"K\u00f6k Z\u00fcmr\u00fct"},"content":{"rendered":"","protected":false},"excerpt":{"rendered":"","protected":false},"featured_media":0,"template":"","meta":[],"product_brand":[],"product_cat":[16],"product_tag":[],"class_list":{"0":"post-1445","1":"product","2":"type-product","3":"status-publish","5":"product_cat-mineraller","6":"pa_boylam-55-36574006080","7":"pa_enlem-8-526350472077","8":"pa_gelis_tarihi-2010-09-27","9":"pa_malz_alindigi_kisi-emin-ulugergerli-comu","10":"pa_malzemenin-alindigi-yer-brazil-brezilya","11":"pa_mineral_bilesimi-be3al2si6o18","12":"pa_ornek_no-m233","14":"first","15":"instock","16":"shipping-taxable","17":"product-type-simple","18":"czr-hentry"},"_links":{"self":[{"href":"https:\/\/ybm.org.tr\/ybm\/wp-json\/wp\/v2\/product\/1445","targetHints":{"allow":["GET"]}}],"collection":[{"href":"https:\/\/ybm.org.tr\/ybm\/wp-json\/wp\/v2\/product"}],"about":[{"href":"https:\/\/ybm.org.tr\/ybm\/wp-json\/wp\/v2\/types\/product"}],"wp:attachment":[{"href":"https:\/\/ybm.org.tr\/ybm\/wp-json\/wp\/v2\/media?parent=1445"}],"wp:term":[{"taxonomy":"product_brand","embeddable":true,"href":"https:\/\/ybm.org.tr\/ybm\/wp-json\/wp\/v2\/product_brand?post=1445"},{"taxonomy":"product_cat","embeddable":true,"href":"https:\/\/ybm.org.tr\/ybm\/wp-json\/wp\/v2\/product_cat?post=1445"},{"taxonomy":"product_tag","embeddable":true,"href":"https:\/\/ybm.org.tr\/ybm\/wp-json\/wp\/v2\/product_tag?post=1445"}],"curies":[{"name":"wp","href":"https:\/\/api.w.org\/{rel}","templated":true}]}}