{"id":1550,"date":"2019-03-11T19:03:25","date_gmt":"2019-03-11T16:03:25","guid":{"rendered":"http:\/\/ybm.comu.edu.tr\/v5\/?post_type=product&#038;p=1550"},"modified":"2023-12-12T19:02:48","modified_gmt":"2023-12-12T16:02:48","slug":"kopek-baligi-disi","status":"publish","type":"product","link":"https:\/\/ybm.org.tr\/ybm\/product\/kopek-baligi-disi\/","title":{"rendered":"K\u00f6pek Bal\u0131\u011f\u0131 Di\u015fi"},"content":{"rendered":"<p><img loading=\"lazy\" decoding=\"async\" class=\"alignnone size-full wp-image-1551\" src=\"http:\/\/ybm.comu.edu.tr\/v5\/wp-content\/uploads\/2019\/03\/Kopek-Bal\u0131g\u0131-Disi.jpg\" alt=\"\" width=\"685\" height=\"451\" srcset=\"https:\/\/ybm.org.tr\/ybm\/wp-content\/uploads\/2019\/03\/Kopek-Bal\u0131g\u0131-Disi.jpg 685w, https:\/\/ybm.org.tr\/ybm\/wp-content\/uploads\/2019\/03\/Kopek-Bal\u0131g\u0131-Disi-300x198.jpg 300w, https:\/\/ybm.org.tr\/ybm\/wp-content\/uploads\/2019\/03\/Kopek-Bal\u0131g\u0131-Disi-600x395.jpg 600w, https:\/\/ybm.org.tr\/ybm\/wp-content\/uploads\/2019\/03\/Kopek-Bal\u0131g\u0131-Disi-64x42.jpg 64w, https:\/\/ybm.org.tr\/ybm\/wp-content\/uploads\/2019\/03\/Kopek-Bal\u0131g\u0131-Disi-243x160.jpg 243w, https:\/\/ybm.org.tr\/ybm\/wp-content\/uploads\/2019\/03\/Kopek-Bal\u0131g\u0131-Disi-150x99.jpg 150w\" sizes=\"auto, (max-width: 685px) 100vw, 685px\" \/><\/p>\n","protected":false},"excerpt":{"rendered":"","protected":false},"featured_media":1551,"template":"","meta":[],"product_brand":[],"product_cat":[18],"product_tag":[],"class_list":{"0":"post-1550","1":"product","2":"type-product","3":"status-publish","4":"has-post-thumbnail","6":"product_cat-fosil","7":"pa_boylam-4-582124948501","8":"pa_enlem-32-850470373621","9":"pa_gelis_tarihi-2011-10-26","10":"pa_isim-kopek-baligi-disi","11":"pa_malz_alindigi_kisi-ayten-calik-comu","12":"pa_malzemenin-alindigi-yer-fas-morocco","13":"pa_ornek_no-f427","14":"pa_raf_no-f483","16":"first","17":"instock","18":"shipping-taxable","19":"product-type-simple","20":"czr-hentry"},"_links":{"self":[{"href":"https:\/\/ybm.org.tr\/ybm\/wp-json\/wp\/v2\/product\/1550","targetHints":{"allow":["GET"]}}],"collection":[{"href":"https:\/\/ybm.org.tr\/ybm\/wp-json\/wp\/v2\/product"}],"about":[{"href":"https:\/\/ybm.org.tr\/ybm\/wp-json\/wp\/v2\/types\/product"}],"wp:featuredmedia":[{"embeddable":true,"href":"https:\/\/ybm.org.tr\/ybm\/wp-json\/wp\/v2\/media\/1551"}],"wp:attachment":[{"href":"https:\/\/ybm.org.tr\/ybm\/wp-json\/wp\/v2\/media?parent=1550"}],"wp:term":[{"taxonomy":"product_brand","embeddable":true,"href":"https:\/\/ybm.org.tr\/ybm\/wp-json\/wp\/v2\/product_brand?post=1550"},{"taxonomy":"product_cat","embeddable":true,"href":"https:\/\/ybm.org.tr\/ybm\/wp-json\/wp\/v2\/product_cat?post=1550"},{"taxonomy":"product_tag","embeddable":true,"href":"https:\/\/ybm.org.tr\/ybm\/wp-json\/wp\/v2\/product_tag?post=1550"}],"curies":[{"name":"wp","href":"https:\/\/api.w.org\/{rel}","templated":true}]}}