{"id":1640,"date":"2019-03-15T11:34:34","date_gmt":"2019-03-15T08:34:34","guid":{"rendered":"http:\/\/ybm.comu.edu.tr\/v5\/?post_type=product&#038;p=1640"},"modified":"2023-12-12T19:01:26","modified_gmt":"2023-12-12T16:01:26","slug":"lissotriton-vulgaris-triturus-vulgaris-kucuk-semender","status":"publish","type":"product","link":"https:\/\/ybm.org.tr\/ybm\/product\/lissotriton-vulgaris-triturus-vulgaris-kucuk-semender\/","title":{"rendered":"Lissotriton Vulgaris (Triturus Vulgaris)- K\u00fc\u00e7\u00fck Semender"},"content":{"rendered":"<p><a href=\"https:\/\/ybm.comu.edu.tr\/v5\/wp-content\/uploads\/2019\/03\/598.jpg\"><img loading=\"lazy\" decoding=\"async\" class=\"alignnone size-medium wp-image-5848\" src=\"https:\/\/ybm.comu.edu.tr\/v5\/wp-content\/uploads\/2019\/03\/598-300x200.jpg\" alt=\"\" width=\"300\" height=\"200\" srcset=\"https:\/\/ybm.org.tr\/ybm\/wp-content\/uploads\/2019\/03\/598-300x200.jpg 300w, https:\/\/ybm.org.tr\/ybm\/wp-content\/uploads\/2019\/03\/598-600x401.jpg 600w, https:\/\/ybm.org.tr\/ybm\/wp-content\/uploads\/2019\/03\/598-64x43.jpg 64w, https:\/\/ybm.org.tr\/ybm\/wp-content\/uploads\/2019\/03\/598-768x513.jpg 768w, https:\/\/ybm.org.tr\/ybm\/wp-content\/uploads\/2019\/03\/598-570x380.jpg 570w, https:\/\/ybm.org.tr\/ybm\/wp-content\/uploads\/2019\/03\/598-272x182.jpg 272w, https:\/\/ybm.org.tr\/ybm\/wp-content\/uploads\/2019\/03\/598.jpg 800w\" sizes=\"auto, (max-width: 300px) 100vw, 300px\" \/><\/a><\/p>\n","protected":false},"excerpt":{"rendered":"","protected":false},"featured_media":5848,"template":"","meta":[],"product_brand":[],"product_cat":[19],"product_tag":[],"class_list":{"0":"post-1640","1":"product","2":"type-product","3":"status-publish","4":"has-post-thumbnail","6":"product_cat-biyoloji","7":"pa_boylam-26-404813528060","8":"pa_enlem-40-143985284219","9":"pa_gelis_tarihi-2017-06-15","10":"pa_malz_alindigi_kisi-varol-tok-comu","11":"pa_malzemenin-alindigi-yer-canakkaleturkiye","12":"pa_ordo-urodela","13":"pa_ornek_no-3719","14":"pa_sinif-amphibia","16":"first","17":"instock","18":"shipping-taxable","19":"product-type-simple","20":"czr-hentry"},"_links":{"self":[{"href":"https:\/\/ybm.org.tr\/ybm\/wp-json\/wp\/v2\/product\/1640","targetHints":{"allow":["GET"]}}],"collection":[{"href":"https:\/\/ybm.org.tr\/ybm\/wp-json\/wp\/v2\/product"}],"about":[{"href":"https:\/\/ybm.org.tr\/ybm\/wp-json\/wp\/v2\/types\/product"}],"wp:featuredmedia":[{"embeddable":true,"href":"https:\/\/ybm.org.tr\/ybm\/wp-json\/wp\/v2\/media\/5848"}],"wp:attachment":[{"href":"https:\/\/ybm.org.tr\/ybm\/wp-json\/wp\/v2\/media?parent=1640"}],"wp:term":[{"taxonomy":"product_brand","embeddable":true,"href":"https:\/\/ybm.org.tr\/ybm\/wp-json\/wp\/v2\/product_brand?post=1640"},{"taxonomy":"product_cat","embeddable":true,"href":"https:\/\/ybm.org.tr\/ybm\/wp-json\/wp\/v2\/product_cat?post=1640"},{"taxonomy":"product_tag","embeddable":true,"href":"https:\/\/ybm.org.tr\/ybm\/wp-json\/wp\/v2\/product_tag?post=1640"}],"curies":[{"name":"wp","href":"https:\/\/api.w.org\/{rel}","templated":true}]}}