{"id":2076,"date":"2019-04-15T14:26:36","date_gmt":"2019-04-15T11:26:36","guid":{"rendered":"http:\/\/ybm.comu.edu.tr\/v5\/?post_type=product&#038;p=2076"},"modified":"2019-04-15T14:26:37","modified_gmt":"2019-04-15T11:26:37","slug":"nummulitik-kirectasi","status":"publish","type":"product","link":"https:\/\/ybm.org.tr\/ybm\/product\/nummulitik-kirectasi\/","title":{"rendered":"Nummulitik Kire\u00e7ta\u015f\u0131"},"content":{"rendered":"<p><a href=\"http:\/\/ybm.comu.edu.tr\/v5\/wp-content\/uploads\/2019\/04\/nummulitik-kire\u00e7ta\u015f\u0131.jpg\"><img loading=\"lazy\" decoding=\"async\" class=\"alignnone size-medium wp-image-2077\" src=\"http:\/\/ybm.comu.edu.tr\/v5\/wp-content\/uploads\/2019\/04\/nummulitik-kire\u00e7ta\u015f\u0131-300x200.jpg\" alt=\"\" width=\"300\" height=\"200\" srcset=\"https:\/\/ybm.org.tr\/ybm\/wp-content\/uploads\/2019\/04\/nummulitik-kire\u00e7ta\u015f\u0131-300x200.jpg 300w, https:\/\/ybm.org.tr\/ybm\/wp-content\/uploads\/2019\/04\/nummulitik-kire\u00e7ta\u015f\u0131-600x399.jpg 600w, https:\/\/ybm.org.tr\/ybm\/wp-content\/uploads\/2019\/04\/nummulitik-kire\u00e7ta\u015f\u0131-64x43.jpg 64w, https:\/\/ybm.org.tr\/ybm\/wp-content\/uploads\/2019\/04\/nummulitik-kire\u00e7ta\u015f\u0131-768x511.jpg 768w, https:\/\/ybm.org.tr\/ybm\/wp-content\/uploads\/2019\/04\/nummulitik-kire\u00e7ta\u015f\u0131-241x160.jpg 241w, https:\/\/ybm.org.tr\/ybm\/wp-content\/uploads\/2019\/04\/nummulitik-kire\u00e7ta\u015f\u0131-150x100.jpg 150w, https:\/\/ybm.org.tr\/ybm\/wp-content\/uploads\/2019\/04\/nummulitik-kire\u00e7ta\u015f\u0131.jpg 800w\" sizes=\"auto, (max-width: 300px) 100vw, 300px\" \/><\/a><\/p>\n","protected":false},"excerpt":{"rendered":"","protected":false},"featured_media":2077,"template":"","meta":[],"product_brand":[],"product_cat":[18],"product_tag":[],"class_list":{"0":"post-2076","1":"product","2":"type-product","3":"status-publish","4":"has-post-thumbnail","6":"product_cat-fosil","7":"pa_boylam-38-024915456771","8":"pa_enlem-37-662110921036","9":"pa_gelis_tarihi-2009-12-12","10":"pa_isim-nummulitik-kirectasi","11":"pa_malz_alindigi_kisi-fettullah-doger-comu","12":"pa_malzemenin-alindigi-yer-adiyaman-turkiye-turkey","13":"pa_ornek_no-k048","14":"pa_raf_no-k048","16":"first","17":"instock","18":"shipping-taxable","19":"product-type-simple","20":"czr-hentry"},"_links":{"self":[{"href":"https:\/\/ybm.org.tr\/ybm\/wp-json\/wp\/v2\/product\/2076","targetHints":{"allow":["GET"]}}],"collection":[{"href":"https:\/\/ybm.org.tr\/ybm\/wp-json\/wp\/v2\/product"}],"about":[{"href":"https:\/\/ybm.org.tr\/ybm\/wp-json\/wp\/v2\/types\/product"}],"wp:featuredmedia":[{"embeddable":true,"href":"https:\/\/ybm.org.tr\/ybm\/wp-json\/wp\/v2\/media\/2077"}],"wp:attachment":[{"href":"https:\/\/ybm.org.tr\/ybm\/wp-json\/wp\/v2\/media?parent=2076"}],"wp:term":[{"taxonomy":"product_brand","embeddable":true,"href":"https:\/\/ybm.org.tr\/ybm\/wp-json\/wp\/v2\/product_brand?post=2076"},{"taxonomy":"product_cat","embeddable":true,"href":"https:\/\/ybm.org.tr\/ybm\/wp-json\/wp\/v2\/product_cat?post=2076"},{"taxonomy":"product_tag","embeddable":true,"href":"https:\/\/ybm.org.tr\/ybm\/wp-json\/wp\/v2\/product_tag?post=2076"}],"curies":[{"name":"wp","href":"https:\/\/api.w.org\/{rel}","templated":true}]}}