{"id":2088,"date":"2019-04-15T15:03:54","date_gmt":"2019-04-15T12:03:54","guid":{"rendered":"http:\/\/ybm.comu.edu.tr\/v5\/?post_type=product&#038;p=2088"},"modified":"2019-04-15T15:03:55","modified_gmt":"2019-04-15T12:03:55","slug":"kirectasi","status":"publish","type":"product","link":"https:\/\/ybm.org.tr\/ybm\/product\/kirectasi\/","title":{"rendered":"Kire\u00e7ta\u015f\u0131"},"content":{"rendered":"<p><a href=\"http:\/\/ybm.comu.edu.tr\/v5\/wp-content\/uploads\/2019\/04\/kire\u00e7ta\u015f\u0131.jpg\"><img loading=\"lazy\" decoding=\"async\" class=\"alignnone size-medium wp-image-2089\" src=\"http:\/\/ybm.comu.edu.tr\/v5\/wp-content\/uploads\/2019\/04\/kire\u00e7ta\u015f\u0131-200x300.jpg\" alt=\"\" width=\"200\" height=\"300\" srcset=\"https:\/\/ybm.org.tr\/ybm\/wp-content\/uploads\/2019\/04\/kire\u00e7ta\u015f\u0131-200x300.jpg 200w, https:\/\/ybm.org.tr\/ybm\/wp-content\/uploads\/2019\/04\/kire\u00e7ta\u015f\u0131-300x451.jpg 300w, https:\/\/ybm.org.tr\/ybm\/wp-content\/uploads\/2019\/04\/kire\u00e7ta\u015f\u0131-64x96.jpg 64w, https:\/\/ybm.org.tr\/ybm\/wp-content\/uploads\/2019\/04\/kire\u00e7ta\u015f\u0131-399x600.jpg 399w, https:\/\/ybm.org.tr\/ybm\/wp-content\/uploads\/2019\/04\/kire\u00e7ta\u015f\u0131-106x160.jpg 106w, https:\/\/ybm.org.tr\/ybm\/wp-content\/uploads\/2019\/04\/kire\u00e7ta\u015f\u0131-100x150.jpg 100w, https:\/\/ybm.org.tr\/ybm\/wp-content\/uploads\/2019\/04\/kire\u00e7ta\u015f\u0131.jpg 532w\" sizes=\"auto, (max-width: 200px) 100vw, 200px\" \/><\/a><\/p>\n","protected":false},"excerpt":{"rendered":"","protected":false},"featured_media":2089,"template":"","meta":[],"product_brand":[],"product_cat":[17],"product_tag":[],"class_list":{"0":"post-2088","1":"product","2":"type-product","3":"status-publish","4":"has-post-thumbnail","6":"product_cat-kayaclar","7":"pa_aciklama-yas-triyas","8":"pa_boylam-26-404813528060","9":"pa_enlem-40-143985284219","10":"pa_gelis_tarihi-2009-12-12","11":"pa_isim-kirectasi","12":"pa_lokasyon-adi-biga-hasoba-canakkale-turkiye","13":"pa_malz_alindigi_kisi-huseyin-oglak","14":"pa_malzemenin-alindigi-yer-biga-hasoba-canakkale-turkiye-turkey","15":"pa_ornek_no-k056","16":"pa_raf_no-k056","18":"first","19":"instock","20":"shipping-taxable","21":"product-type-simple","22":"czr-hentry"},"_links":{"self":[{"href":"https:\/\/ybm.org.tr\/ybm\/wp-json\/wp\/v2\/product\/2088","targetHints":{"allow":["GET"]}}],"collection":[{"href":"https:\/\/ybm.org.tr\/ybm\/wp-json\/wp\/v2\/product"}],"about":[{"href":"https:\/\/ybm.org.tr\/ybm\/wp-json\/wp\/v2\/types\/product"}],"wp:featuredmedia":[{"embeddable":true,"href":"https:\/\/ybm.org.tr\/ybm\/wp-json\/wp\/v2\/media\/2089"}],"wp:attachment":[{"href":"https:\/\/ybm.org.tr\/ybm\/wp-json\/wp\/v2\/media?parent=2088"}],"wp:term":[{"taxonomy":"product_brand","embeddable":true,"href":"https:\/\/ybm.org.tr\/ybm\/wp-json\/wp\/v2\/product_brand?post=2088"},{"taxonomy":"product_cat","embeddable":true,"href":"https:\/\/ybm.org.tr\/ybm\/wp-json\/wp\/v2\/product_cat?post=2088"},{"taxonomy":"product_tag","embeddable":true,"href":"https:\/\/ybm.org.tr\/ybm\/wp-json\/wp\/v2\/product_tag?post=2088"}],"curies":[{"name":"wp","href":"https:\/\/api.w.org\/{rel}","templated":true}]}}