{"id":2341,"date":"2019-05-19T22:34:27","date_gmt":"2019-05-19T19:34:27","guid":{"rendered":"http:\/\/ybm.comu.edu.tr\/v5\/?post_type=product&#038;p=2341"},"modified":"2019-11-01T16:38:54","modified_gmt":"2019-11-01T13:38:54","slug":"kalsit-20","status":"publish","type":"product","link":"https:\/\/ybm.org.tr\/ybm\/product\/kalsit-20\/","title":{"rendered":"Kalsit"},"content":{"rendered":"<p>Al\u0131nd\u0131\u011f\u0131 Ki\u015fi :\u00a0Lelia Maria de Araujo Kalil Thiago<\/p>\n<p>Grup :\u00a0Mineral<\/p>\n<p>\u00d6rnek Ad\u0131 :\u00a0Kalsit<\/p>\n<p>Geli\u015f Tarih :\u00a02011-04-27<\/p>\n<p>Bulundu\u011fu Yer :<\/p>\n<p>\u00d6rnek No:\u00a0M399<\/p>\n<p>Raf No :\u00a0M417<\/p>\n","protected":false},"excerpt":{"rendered":"<p>Al\u0131nd\u0131\u011f\u0131 Ki\u015fi :\u00a0Lelia Maria de Araujo Kalil Thiago Grup :\u00a0Mineral \u00d6rnek Ad\u0131 :\u00a0Kalsit Geli\u015f Tarih :\u00a02011-04-27 Bulundu\u011fu Yer : \u00d6rnek No:\u00a0M399 Raf No :\u00a0M417<\/p>\n","protected":false},"featured_media":2342,"template":"","meta":[],"product_brand":[],"product_cat":[16],"product_tag":[3707],"class_list":{"0":"post-2341","1":"product","2":"type-product","3":"status-publish","4":"has-post-thumbnail","6":"product_cat-mineraller","7":"product_tag-calcite","9":"first","10":"outofstock","11":"shipping-taxable","12":"product-type-variable","13":"czr-hentry"},"_links":{"self":[{"href":"https:\/\/ybm.org.tr\/ybm\/wp-json\/wp\/v2\/product\/2341","targetHints":{"allow":["GET"]}}],"collection":[{"href":"https:\/\/ybm.org.tr\/ybm\/wp-json\/wp\/v2\/product"}],"about":[{"href":"https:\/\/ybm.org.tr\/ybm\/wp-json\/wp\/v2\/types\/product"}],"wp:featuredmedia":[{"embeddable":true,"href":"https:\/\/ybm.org.tr\/ybm\/wp-json\/wp\/v2\/media\/2342"}],"wp:attachment":[{"href":"https:\/\/ybm.org.tr\/ybm\/wp-json\/wp\/v2\/media?parent=2341"}],"wp:term":[{"taxonomy":"product_brand","embeddable":true,"href":"https:\/\/ybm.org.tr\/ybm\/wp-json\/wp\/v2\/product_brand?post=2341"},{"taxonomy":"product_cat","embeddable":true,"href":"https:\/\/ybm.org.tr\/ybm\/wp-json\/wp\/v2\/product_cat?post=2341"},{"taxonomy":"product_tag","embeddable":true,"href":"https:\/\/ybm.org.tr\/ybm\/wp-json\/wp\/v2\/product_tag?post=2341"}],"curies":[{"name":"wp","href":"https:\/\/api.w.org\/{rel}","templated":true}]}}