{"id":2632,"date":"2019-04-24T15:05:35","date_gmt":"2019-04-24T12:05:35","guid":{"rendered":"http:\/\/ybm.comu.edu.tr\/v5\/?post_type=product&#038;p=2632"},"modified":"2023-12-12T18:49:53","modified_gmt":"2023-12-12T15:49:53","slug":"gok-tasi-meteor","status":"publish","type":"product","link":"https:\/\/ybm.org.tr\/ybm\/product\/gok-tasi-meteor\/","title":{"rendered":"G\u00f6k Ta\u015f\u0131 (Meteor)"},"content":{"rendered":"<p><a href=\"http:\/\/ybm.comu.edu.tr\/v5\/wp-content\/uploads\/2019\/04\/meteor.jpg\"><img loading=\"lazy\" decoding=\"async\" class=\"alignnone size-medium wp-image-2633\" src=\"http:\/\/ybm.comu.edu.tr\/v5\/wp-content\/uploads\/2019\/04\/meteor-300x201.jpg\" alt=\"\" width=\"300\" height=\"201\" srcset=\"https:\/\/ybm.org.tr\/ybm\/wp-content\/uploads\/2019\/04\/meteor-300x201.jpg 300w, https:\/\/ybm.org.tr\/ybm\/wp-content\/uploads\/2019\/04\/meteor-600x402.jpg 600w, https:\/\/ybm.org.tr\/ybm\/wp-content\/uploads\/2019\/04\/meteor-64x43.jpg 64w, https:\/\/ybm.org.tr\/ybm\/wp-content\/uploads\/2019\/04\/meteor-768x515.jpg 768w, https:\/\/ybm.org.tr\/ybm\/wp-content\/uploads\/2019\/04\/meteor-239x160.jpg 239w, https:\/\/ybm.org.tr\/ybm\/wp-content\/uploads\/2019\/04\/meteor-150x101.jpg 150w, https:\/\/ybm.org.tr\/ybm\/wp-content\/uploads\/2019\/04\/meteor.jpg 800w\" sizes=\"auto, (max-width: 300px) 100vw, 300px\" \/><\/a><\/p>\n","protected":false},"excerpt":{"rendered":"","protected":false},"featured_media":2633,"template":"","meta":[],"product_brand":[],"product_cat":[17],"product_tag":[],"class_list":{"0":"post-2632","1":"product","2":"type-product","3":"status-publish","4":"has-post-thumbnail","6":"product_cat-kayaclar","7":"pa_boylam-27-330411672592","8":"pa_enlem-37-425533639465","9":"pa_gelis_tarihi-2013-02-11","10":"pa_lokasyon-adi-didim","11":"pa_malz_alindigi_kisi-mehmet-emin-ozel","12":"pa_malzemenin-alindigi-yer-didim-aydin-turkiye-turkey","13":"pa_ornek_no-k502","14":"pa_raf_no-k661","16":"first","17":"outofstock","18":"shipping-taxable","19":"product-type-variable","20":"czr-hentry"},"_links":{"self":[{"href":"https:\/\/ybm.org.tr\/ybm\/wp-json\/wp\/v2\/product\/2632","targetHints":{"allow":["GET"]}}],"collection":[{"href":"https:\/\/ybm.org.tr\/ybm\/wp-json\/wp\/v2\/product"}],"about":[{"href":"https:\/\/ybm.org.tr\/ybm\/wp-json\/wp\/v2\/types\/product"}],"wp:featuredmedia":[{"embeddable":true,"href":"https:\/\/ybm.org.tr\/ybm\/wp-json\/wp\/v2\/media\/2633"}],"wp:attachment":[{"href":"https:\/\/ybm.org.tr\/ybm\/wp-json\/wp\/v2\/media?parent=2632"}],"wp:term":[{"taxonomy":"product_brand","embeddable":true,"href":"https:\/\/ybm.org.tr\/ybm\/wp-json\/wp\/v2\/product_brand?post=2632"},{"taxonomy":"product_cat","embeddable":true,"href":"https:\/\/ybm.org.tr\/ybm\/wp-json\/wp\/v2\/product_cat?post=2632"},{"taxonomy":"product_tag","embeddable":true,"href":"https:\/\/ybm.org.tr\/ybm\/wp-json\/wp\/v2\/product_tag?post=2632"}],"curies":[{"name":"wp","href":"https:\/\/api.w.org\/{rel}","templated":true}]}}