{"id":2638,"date":"2019-04-24T15:24:53","date_gmt":"2019-04-24T12:24:53","guid":{"rendered":"http:\/\/ybm.comu.edu.tr\/v5\/?post_type=product&#038;p=2638"},"modified":"2019-10-15T22:02:52","modified_gmt":"2019-10-15T19:02:52","slug":"uc-bilesen-analog-sismometre","status":"publish","type":"product","link":"https:\/\/ybm.org.tr\/ybm\/product\/uc-bilesen-analog-sismometre\/","title":{"rendered":"\u00dc\u00e7 Bile\u015fen Analog Sismometre"},"content":{"rendered":"<p><a href=\"http:\/\/ybm.comu.edu.tr\/v5\/wp-content\/uploads\/2019\/04\/bile\u015fen-analog.jpg\"><img loading=\"lazy\" decoding=\"async\" class=\"alignnone size-medium wp-image-2639\" src=\"http:\/\/ybm.comu.edu.tr\/v5\/wp-content\/uploads\/2019\/04\/bile\u015fen-analog-300x200.jpg\" alt=\"\" width=\"300\" height=\"200\" srcset=\"https:\/\/ybm.org.tr\/ybm\/wp-content\/uploads\/2019\/04\/bile\u015fen-analog-300x200.jpg 300w, https:\/\/ybm.org.tr\/ybm\/wp-content\/uploads\/2019\/04\/bile\u015fen-analog-600x401.jpg 600w, https:\/\/ybm.org.tr\/ybm\/wp-content\/uploads\/2019\/04\/bile\u015fen-analog-64x43.jpg 64w, https:\/\/ybm.org.tr\/ybm\/wp-content\/uploads\/2019\/04\/bile\u015fen-analog-768x513.jpg 768w, https:\/\/ybm.org.tr\/ybm\/wp-content\/uploads\/2019\/04\/bile\u015fen-analog-240x160.jpg 240w, https:\/\/ybm.org.tr\/ybm\/wp-content\/uploads\/2019\/04\/bile\u015fen-analog-150x100.jpg 150w, https:\/\/ybm.org.tr\/ybm\/wp-content\/uploads\/2019\/04\/bile\u015fen-analog.jpg 800w\" sizes=\"auto, (max-width: 300px) 100vw, 300px\" \/><\/a><\/p>\n","protected":false},"excerpt":{"rendered":"","protected":false},"featured_media":2639,"template":"","meta":[],"product_brand":[],"product_cat":[20],"product_tag":[],"class_list":{"0":"post-2638","1":"product","2":"type-product","3":"status-publish","4":"has-post-thumbnail","6":"product_cat-diger","7":"pa_boylam-26-404813528060","8":"pa_enlem-40-143985284219","9":"pa_gelis_tarihi-2012-12-06","10":"pa_malz_alindigi_kisi-emin-ulugergerli-comu","11":"pa_malzemenin-alindigi-yer-ankara-turkiye-turkey-2","12":"pa_ornek_no-d499","13":"pa_raf_no-d654","15":"first","16":"outofstock","17":"shipping-taxable","18":"product-type-simple","19":"czr-hentry"},"_links":{"self":[{"href":"https:\/\/ybm.org.tr\/ybm\/wp-json\/wp\/v2\/product\/2638","targetHints":{"allow":["GET"]}}],"collection":[{"href":"https:\/\/ybm.org.tr\/ybm\/wp-json\/wp\/v2\/product"}],"about":[{"href":"https:\/\/ybm.org.tr\/ybm\/wp-json\/wp\/v2\/types\/product"}],"wp:featuredmedia":[{"embeddable":true,"href":"https:\/\/ybm.org.tr\/ybm\/wp-json\/wp\/v2\/media\/2639"}],"wp:attachment":[{"href":"https:\/\/ybm.org.tr\/ybm\/wp-json\/wp\/v2\/media?parent=2638"}],"wp:term":[{"taxonomy":"product_brand","embeddable":true,"href":"https:\/\/ybm.org.tr\/ybm\/wp-json\/wp\/v2\/product_brand?post=2638"},{"taxonomy":"product_cat","embeddable":true,"href":"https:\/\/ybm.org.tr\/ybm\/wp-json\/wp\/v2\/product_cat?post=2638"},{"taxonomy":"product_tag","embeddable":true,"href":"https:\/\/ybm.org.tr\/ybm\/wp-json\/wp\/v2\/product_tag?post=2638"}],"curies":[{"name":"wp","href":"https:\/\/api.w.org\/{rel}","templated":true}]}}