{"id":2646,"date":"2019-04-24T15:43:19","date_gmt":"2019-04-24T12:43:19","guid":{"rendered":"http:\/\/ybm.comu.edu.tr\/v5\/?post_type=product&#038;p=2646"},"modified":"2023-12-12T18:49:44","modified_gmt":"2023-12-12T15:49:44","slug":"luletasi-pipo","status":"publish","type":"product","link":"https:\/\/ybm.org.tr\/ybm\/product\/luletasi-pipo\/","title":{"rendered":"L\u00fcleta\u015f\u0131 Pipo"},"content":{"rendered":"<p><a href=\"http:\/\/ybm.comu.edu.tr\/v5\/wp-content\/uploads\/2019\/04\/l\u00fcleta\u015f\u0131-pipo.jpg\"><img loading=\"lazy\" decoding=\"async\" class=\"alignnone size-medium wp-image-2647\" src=\"http:\/\/ybm.comu.edu.tr\/v5\/wp-content\/uploads\/2019\/04\/l\u00fcleta\u015f\u0131-pipo-300x225.jpg\" alt=\"\" width=\"300\" height=\"225\" srcset=\"https:\/\/ybm.org.tr\/ybm\/wp-content\/uploads\/2019\/04\/l\u00fcleta\u015f\u0131-pipo-300x225.jpg 300w, https:\/\/ybm.org.tr\/ybm\/wp-content\/uploads\/2019\/04\/l\u00fcleta\u015f\u0131-pipo-600x450.jpg 600w, https:\/\/ybm.org.tr\/ybm\/wp-content\/uploads\/2019\/04\/l\u00fcleta\u015f\u0131-pipo-64x48.jpg 64w, https:\/\/ybm.org.tr\/ybm\/wp-content\/uploads\/2019\/04\/l\u00fcleta\u015f\u0131-pipo.jpg 800w, https:\/\/ybm.org.tr\/ybm\/wp-content\/uploads\/2019\/04\/l\u00fcleta\u015f\u0131-pipo-768x576.jpg 768w, https:\/\/ybm.org.tr\/ybm\/wp-content\/uploads\/2019\/04\/l\u00fcleta\u015f\u0131-pipo-213x160.jpg 213w, https:\/\/ybm.org.tr\/ybm\/wp-content\/uploads\/2019\/04\/l\u00fcleta\u015f\u0131-pipo-150x113.jpg 150w\" sizes=\"auto, (max-width: 300px) 100vw, 300px\" \/><\/a><\/p>\n","protected":false},"excerpt":{"rendered":"","protected":false},"featured_media":2647,"template":"","meta":[],"product_brand":[],"product_cat":[20],"product_tag":[],"class_list":{"0":"post-2646","1":"product","2":"type-product","3":"status-publish","4":"has-post-thumbnail","6":"product_cat-diger","7":"pa_boylam-29-898465871810","8":"pa_enlem-39-451843926261","9":"pa_formul-mg4si6o15oh26h2o","10":"pa_gelis_tarihi-2012-11-07","11":"pa_malz_alindigi_kisi-serhat-onalci-comu","12":"pa_malzemenin-alindigi-yer-eskisehir-turkiye-turkey","13":"pa_ornek_no-d497","14":"pa_raf_no-d650","16":"first","17":"outofstock","18":"shipping-taxable","19":"product-type-simple","20":"czr-hentry"},"_links":{"self":[{"href":"https:\/\/ybm.org.tr\/ybm\/wp-json\/wp\/v2\/product\/2646","targetHints":{"allow":["GET"]}}],"collection":[{"href":"https:\/\/ybm.org.tr\/ybm\/wp-json\/wp\/v2\/product"}],"about":[{"href":"https:\/\/ybm.org.tr\/ybm\/wp-json\/wp\/v2\/types\/product"}],"wp:featuredmedia":[{"embeddable":true,"href":"https:\/\/ybm.org.tr\/ybm\/wp-json\/wp\/v2\/media\/2647"}],"wp:attachment":[{"href":"https:\/\/ybm.org.tr\/ybm\/wp-json\/wp\/v2\/media?parent=2646"}],"wp:term":[{"taxonomy":"product_brand","embeddable":true,"href":"https:\/\/ybm.org.tr\/ybm\/wp-json\/wp\/v2\/product_brand?post=2646"},{"taxonomy":"product_cat","embeddable":true,"href":"https:\/\/ybm.org.tr\/ybm\/wp-json\/wp\/v2\/product_cat?post=2646"},{"taxonomy":"product_tag","embeddable":true,"href":"https:\/\/ybm.org.tr\/ybm\/wp-json\/wp\/v2\/product_tag?post=2646"}],"curies":[{"name":"wp","href":"https:\/\/api.w.org\/{rel}","templated":true}]}}