{"id":5746,"date":"2019-10-23T19:55:16","date_gmt":"2019-10-23T16:55:16","guid":{"rendered":"https:\/\/ybm.comu.edu.tr\/v5\/?post_type=product&#038;p=5746"},"modified":"2019-10-23T19:55:17","modified_gmt":"2019-10-23T16:55:17","slug":"onkoidli-kirectasi-2","status":"publish","type":"product","link":"https:\/\/ybm.org.tr\/ybm\/product\/onkoidli-kirectasi-2\/","title":{"rendered":"Onkoidli Kire\u00e7ta\u015f\u0131"},"content":{"rendered":"<p><a href=\"https:\/\/ybm.comu.edu.tr\/v5\/wp-content\/uploads\/2019\/10\/631-onkoidli-k\u00e7t-1.jpg\"><img loading=\"lazy\" decoding=\"async\" class=\"alignnone size-medium wp-image-5747\" src=\"https:\/\/ybm.comu.edu.tr\/v5\/wp-content\/uploads\/2019\/10\/631-onkoidli-k\u00e7t-1-300x195.jpg\" alt=\"\" width=\"300\" height=\"195\" srcset=\"https:\/\/ybm.org.tr\/ybm\/wp-content\/uploads\/2019\/10\/631-onkoidli-k\u00e7t-1-300x195.jpg 300w, https:\/\/ybm.org.tr\/ybm\/wp-content\/uploads\/2019\/10\/631-onkoidli-k\u00e7t-1-600x390.jpg 600w, https:\/\/ybm.org.tr\/ybm\/wp-content\/uploads\/2019\/10\/631-onkoidli-k\u00e7t-1-64x42.jpg 64w, https:\/\/ybm.org.tr\/ybm\/wp-content\/uploads\/2019\/10\/631-onkoidli-k\u00e7t-1-768x499.jpg 768w, https:\/\/ybm.org.tr\/ybm\/wp-content\/uploads\/2019\/10\/631-onkoidli-k\u00e7t-1-570x371.jpg 570w, https:\/\/ybm.org.tr\/ybm\/wp-content\/uploads\/2019\/10\/631-onkoidli-k\u00e7t-1.jpg 800w\" sizes=\"auto, (max-width: 300px) 100vw, 300px\" \/><\/a><\/p>\n","protected":false},"excerpt":{"rendered":"","protected":false},"featured_media":5747,"template":"","meta":[],"product_brand":[],"product_cat":[17],"product_tag":[],"class_list":{"0":"post-5746","1":"product","2":"type-product","3":"status-publish","4":"has-post-thumbnail","6":"product_cat-kayaclar","7":"pa_gelis_tarihi-2012-09-20","8":"pa_malz_alindigi_kisi-emin-ulugergerli-comu","9":"pa_malzemenin-alindigi-yer-batu-gading-middle-baram-sarawak-malezya-malaysia","10":"pa_ornek_no-k495","11":"pa_raf_no-b-15-k631","13":"first","14":"instock","15":"shipping-taxable","16":"product-type-simple","17":"czr-hentry"},"_links":{"self":[{"href":"https:\/\/ybm.org.tr\/ybm\/wp-json\/wp\/v2\/product\/5746","targetHints":{"allow":["GET"]}}],"collection":[{"href":"https:\/\/ybm.org.tr\/ybm\/wp-json\/wp\/v2\/product"}],"about":[{"href":"https:\/\/ybm.org.tr\/ybm\/wp-json\/wp\/v2\/types\/product"}],"wp:featuredmedia":[{"embeddable":true,"href":"https:\/\/ybm.org.tr\/ybm\/wp-json\/wp\/v2\/media\/5747"}],"wp:attachment":[{"href":"https:\/\/ybm.org.tr\/ybm\/wp-json\/wp\/v2\/media?parent=5746"}],"wp:term":[{"taxonomy":"product_brand","embeddable":true,"href":"https:\/\/ybm.org.tr\/ybm\/wp-json\/wp\/v2\/product_brand?post=5746"},{"taxonomy":"product_cat","embeddable":true,"href":"https:\/\/ybm.org.tr\/ybm\/wp-json\/wp\/v2\/product_cat?post=5746"},{"taxonomy":"product_tag","embeddable":true,"href":"https:\/\/ybm.org.tr\/ybm\/wp-json\/wp\/v2\/product_tag?post=5746"}],"curies":[{"name":"wp","href":"https:\/\/api.w.org\/{rel}","templated":true}]}}