{"id":5773,"date":"2022-06-06T17:04:26","date_gmt":"2022-06-06T14:04:26","guid":{"rendered":"https:\/\/ybm.comu.edu.tr\/v5\/?post_type=product&#038;p=5773"},"modified":"2024-05-06T08:14:18","modified_gmt":"2024-05-06T05:14:18","slug":"florit-16","status":"publish","type":"product","link":"https:\/\/ybm.org.tr\/ybm\/product\/florit-16\/","title":{"rendered":"Florit"},"content":{"rendered":"<p>Fluorit veya florit; CaF2 bile\u015fiminde, saydam veya yar\u0131 saydam olan, sar\u0131, ye\u015fil, mavi, mor, k\u0131rm\u0131z\u0131 veya renksiz olabilen bir mineraldir. Do\u011fada en fazla renk \u00e7e\u015fitlili\u011fine sahip minerallerden birisidir. Yo\u011funlu\u011fu 3,2 g\/cm\u00b3, sertli\u011fi ise Mohs sertlik cetveline g\u00f6re 4&#8217;t\u00fcr. Kristal yap\u0131s\u0131 genelde k\u00fcbik olmakla beraber oktahedral yap\u0131lara da rastlanmaktad\u0131r.<\/p>\n","protected":false},"excerpt":{"rendered":"<p>Fluorit veya florit; CaF2 bile\u015fiminde, saydam veya yar\u0131 saydam olan, sar\u0131, ye\u015fil, mavi, mor, k\u0131rm\u0131z\u0131 veya renksiz olabilen bir mineraldir. Do\u011fada en fazla renk \u00e7e\u015fitlili\u011fine sahip minerallerden birisidir. Yo\u011funlu\u011fu 3,2 g\/cm\u00b3, sertli\u011fi ise Mohs sertlik cetveline g\u00f6re 4&#8217;t\u00fcr. Kristal yap\u0131s\u0131 genelde k\u00fcbik olmakla beraber oktahedral yap\u0131lara da rastlanmaktad\u0131r.<\/p>\n","protected":false},"featured_media":1162,"template":"","meta":[],"product_brand":[],"product_cat":[20],"product_tag":[3781],"class_list":{"0":"post-5773","1":"product","2":"type-product","3":"status-publish","4":"has-post-thumbnail","6":"product_cat-diger","7":"product_tag-tasi","9":"first","10":"instock","11":"shipping-taxable","12":"product-type-simple","13":"czr-hentry"},"_links":{"self":[{"href":"https:\/\/ybm.org.tr\/ybm\/wp-json\/wp\/v2\/product\/5773","targetHints":{"allow":["GET"]}}],"collection":[{"href":"https:\/\/ybm.org.tr\/ybm\/wp-json\/wp\/v2\/product"}],"about":[{"href":"https:\/\/ybm.org.tr\/ybm\/wp-json\/wp\/v2\/types\/product"}],"wp:featuredmedia":[{"embeddable":true,"href":"https:\/\/ybm.org.tr\/ybm\/wp-json\/wp\/v2\/media\/1162"}],"wp:attachment":[{"href":"https:\/\/ybm.org.tr\/ybm\/wp-json\/wp\/v2\/media?parent=5773"}],"wp:term":[{"taxonomy":"product_brand","embeddable":true,"href":"https:\/\/ybm.org.tr\/ybm\/wp-json\/wp\/v2\/product_brand?post=5773"},{"taxonomy":"product_cat","embeddable":true,"href":"https:\/\/ybm.org.tr\/ybm\/wp-json\/wp\/v2\/product_cat?post=5773"},{"taxonomy":"product_tag","embeddable":true,"href":"https:\/\/ybm.org.tr\/ybm\/wp-json\/wp\/v2\/product_tag?post=5773"}],"curies":[{"name":"wp","href":"https:\/\/api.w.org\/{rel}","templated":true}]}}