{"id":6327,"date":"2020-02-20T13:38:05","date_gmt":"2020-02-20T10:38:05","guid":{"rendered":"http:\/\/ybm.comu.edu.tr\/?product=import-placeholder-for-1173"},"modified":"2023-12-12T18:27:56","modified_gmt":"2023-12-12T15:27:56","slug":"kum-tasi-karot-ornegi","status":"publish","type":"product","link":"https:\/\/ybm.org.tr\/ybm\/product\/kum-tasi-karot-ornegi\/","title":{"rendered":"Kum Ta\u015f\u0131 Karot \u00d6rne\u011fi"},"content":{"rendered":"<p><img loading=\"lazy\" decoding=\"async\" class=\"alignnone size-full wp-image-1174\" src=\"http:\/\/ybm.comu.edu.tr\/v5\/wp-content\/uploads\/2019\/03\/Karot-\u00f6rne\u011fi.jpg\" alt=\"Karot \u00f6rne\u011fi\" width=\"800\" height=\"534\" srcset=\"https:\/\/ybm.org.tr\/ybm\/wp-content\/uploads\/2019\/03\/Karot-\u00f6rne\u011fi.jpg 800w, https:\/\/ybm.org.tr\/ybm\/wp-content\/uploads\/2019\/03\/Karot-\u00f6rne\u011fi-300x200.jpg 300w, https:\/\/ybm.org.tr\/ybm\/wp-content\/uploads\/2019\/03\/Karot-\u00f6rne\u011fi-768x513.jpg 768w, https:\/\/ybm.org.tr\/ybm\/wp-content\/uploads\/2019\/03\/Karot-\u00f6rne\u011fi-570x380.jpg 570w, https:\/\/ybm.org.tr\/ybm\/wp-content\/uploads\/2019\/03\/Karot-\u00f6rne\u011fi-600x401.jpg 600w, https:\/\/ybm.org.tr\/ybm\/wp-content\/uploads\/2019\/03\/Karot-\u00f6rne\u011fi-64x43.jpg 64w, https:\/\/ybm.org.tr\/ybm\/wp-content\/uploads\/2019\/03\/Karot-\u00f6rne\u011fi-240x160.jpg 240w, https:\/\/ybm.org.tr\/ybm\/wp-content\/uploads\/2019\/03\/Karot-\u00f6rne\u011fi-150x100.jpg 150w, https:\/\/ybm.org.tr\/ybm\/wp-content\/uploads\/2019\/03\/Karot-\u00f6rne\u011fi-272x182.jpg 272w\" sizes=\"auto, (max-width: 800px) 100vw, 800px\" \/><\/p>\n","protected":false},"excerpt":{"rendered":"","protected":false},"featured_media":1174,"template":"","meta":[],"product_brand":[],"product_cat":[17],"product_tag":[],"class_list":{"0":"post-6327","1":"product","2":"type-product","3":"status-publish","4":"has-post-thumbnail","6":"product_cat-kayaclar","7":"pa_aciklama-dalgali-ve-capraz-tabakalanma-gosteren-marn-kumtasi-ardalanmasi","8":"pa_boylam-101-94680571556","9":"pa_enlem-4-5637730764919","10":"pa_gelis_tarihi-2012-02-06","11":"pa_isim-karot-ornegi","12":"pa_malz_alindigi_kisi-syarina-azura-bt-mohamad","13":"pa_malzemenin-alindigi-yer-malezya-malaysia","14":"pa_raf_no-k565","16":"first","17":"instock","18":"shipping-taxable","19":"product-type-simple","20":"czr-hentry"},"_links":{"self":[{"href":"https:\/\/ybm.org.tr\/ybm\/wp-json\/wp\/v2\/product\/6327","targetHints":{"allow":["GET"]}}],"collection":[{"href":"https:\/\/ybm.org.tr\/ybm\/wp-json\/wp\/v2\/product"}],"about":[{"href":"https:\/\/ybm.org.tr\/ybm\/wp-json\/wp\/v2\/types\/product"}],"wp:featuredmedia":[{"embeddable":true,"href":"https:\/\/ybm.org.tr\/ybm\/wp-json\/wp\/v2\/media\/1174"}],"wp:attachment":[{"href":"https:\/\/ybm.org.tr\/ybm\/wp-json\/wp\/v2\/media?parent=6327"}],"wp:term":[{"taxonomy":"product_brand","embeddable":true,"href":"https:\/\/ybm.org.tr\/ybm\/wp-json\/wp\/v2\/product_brand?post=6327"},{"taxonomy":"product_cat","embeddable":true,"href":"https:\/\/ybm.org.tr\/ybm\/wp-json\/wp\/v2\/product_cat?post=6327"},{"taxonomy":"product_tag","embeddable":true,"href":"https:\/\/ybm.org.tr\/ybm\/wp-json\/wp\/v2\/product_tag?post=6327"}],"curies":[{"name":"wp","href":"https:\/\/api.w.org\/{rel}","templated":true}]}}