{"id":6349,"date":"2020-02-20T13:38:20","date_gmt":"2020-02-20T10:38:20","guid":{"rendered":"http:\/\/ybm.comu.edu.tr\/?product=import-placeholder-for-1216"},"modified":"2022-05-23T21:09:56","modified_gmt":"2022-05-23T18:09:56","slug":"simitsonit-12","status":"publish","type":"product","link":"https:\/\/ybm.org.tr\/ybm\/product\/simitsonit-12\/","title":{"rendered":"Simitsonit"},"content":{"rendered":"","protected":false},"excerpt":{"rendered":"<p>Kristal Sistemi, Hegzagonal Kristal Bi\u00e7imi, Rombohedral kristalli; p\u00fcr\u00fczl\u00fc y\u00fczeyli, masif, kompakt, genellikle b\u00f6bre\u011fimsi, bazen sark\u0131t \u015fekilli Sertlik, 4 &#8211; 4.5 \u00d6zg\u00fcl A\u011f\u0131rl\u0131k, 4.30 &#8211; 4.45 Dilinim, {10-11} m\u00fckemmel Renk ve \u015eeffafl\u0131k, Beyaz, gri, soluk-koyu sar\u0131, sar\u0131ms\u0131 kahverengi, kahverengi, parlak elma ye\u015fili, mavimsi ye\u015fil, mavi, koyu pembe, mor, nadiren renksiz; \u015feffaf-yar\u0131 \u015feffaf \u00c7izgi Rengi, Beyaz Parlakl\u0131k, Cams\u0131 parlakl\u0131k Ay\u0131r\u0131c\u0131 \u00d6zellikleri, Dilinimi, HCl&#8217;de \u00e7\u00f6z\u00fcnebilirli\u011fi, y\u00fcksek \u00f6zg\u00fcl a\u011f\u0131rl\u0131\u011f\u0131 Bulunu\u015fu, \u00c7inko i\u00e7eren maden yataklar\u0131n\u0131n oksidasyon zonlar\u0131nda olu\u015fur. Genellikle sfalerit, hemimorfit, galenit ve kalsit mineralleri ile birlikte bulunur. Yar\u0131\u015feffaf olanlar\u0131 s\u00fcs ta\u015f\u0131 olarak kullan\u0131l\u0131r.<\/p>\n","protected":false},"featured_media":1242,"template":"","meta":[],"product_brand":[],"product_cat":[16],"product_tag":[3743],"class_list":{"0":"post-6349","1":"product","2":"type-product","3":"status-publish","4":"has-post-thumbnail","6":"product_cat-mineraller","7":"product_tag-smithsonite","8":"pa_boylam-26-404813528060","9":"pa_enlem-40-143985284219","10":"pa_gelis_tarihi-2015-08-20","11":"pa_isim-simitsonit","12":"pa_lokasyon-adi-yahyali-kayseri-turkiye-turkey","13":"pa_malz_alindigi_kisi-nazif-demir-d-s-i-balikesir","14":"pa_mineral_bilesimi-znco3","15":"pa_ornek_no-783","16":"pa_raf_no-giris","18":"first","19":"instock","20":"shipping-taxable","21":"product-type-simple","22":"czr-hentry"},"_links":{"self":[{"href":"https:\/\/ybm.org.tr\/ybm\/wp-json\/wp\/v2\/product\/6349","targetHints":{"allow":["GET"]}}],"collection":[{"href":"https:\/\/ybm.org.tr\/ybm\/wp-json\/wp\/v2\/product"}],"about":[{"href":"https:\/\/ybm.org.tr\/ybm\/wp-json\/wp\/v2\/types\/product"}],"wp:featuredmedia":[{"embeddable":true,"href":"https:\/\/ybm.org.tr\/ybm\/wp-json\/wp\/v2\/media\/1242"}],"wp:attachment":[{"href":"https:\/\/ybm.org.tr\/ybm\/wp-json\/wp\/v2\/media?parent=6349"}],"wp:term":[{"taxonomy":"product_brand","embeddable":true,"href":"https:\/\/ybm.org.tr\/ybm\/wp-json\/wp\/v2\/product_brand?post=6349"},{"taxonomy":"product_cat","embeddable":true,"href":"https:\/\/ybm.org.tr\/ybm\/wp-json\/wp\/v2\/product_cat?post=6349"},{"taxonomy":"product_tag","embeddable":true,"href":"https:\/\/ybm.org.tr\/ybm\/wp-json\/wp\/v2\/product_tag?post=6349"}],"curies":[{"name":"wp","href":"https:\/\/api.w.org\/{rel}","templated":true}]}}