{"id":6383,"date":"2020-02-20T13:38:35","date_gmt":"2020-02-20T10:38:35","guid":{"rendered":"http:\/\/ybm.comu.edu.tr\/?product=import-placeholder-for-1282"},"modified":"2022-03-22T15:38:53","modified_gmt":"2022-03-22T12:38:53","slug":"tas-komuru-3","status":"publish","type":"product","link":"https:\/\/ybm.org.tr\/ybm\/product\/tas-komuru-3\/","title":{"rendered":"Ta\u015f K\u00f6m\u00fcr\u00fc"},"content":{"rendered":"","protected":false},"excerpt":{"rendered":"","protected":false},"featured_media":1284,"template":"","meta":[],"product_brand":[],"product_cat":[17],"product_tag":[],"class_list":{"0":"post-6383","1":"product","2":"type-product","3":"status-publish","4":"has-post-thumbnail","6":"product_cat-kayaclar","7":"pa_boylam-31-805280447006","8":"pa_enlem-41-446594717140","9":"pa_gelis_tarihi-2010-09-16","10":"pa_lokasyon-adi-turkiye-tas-komuru-kozlu-muessesesi","11":"pa_malz_alindigi_kisi-gulbin-gurdal-comu","12":"pa_malzemenin-alindigi-yer-kozlu-zonguldak-turkiye-turkey","13":"pa_ornek_no-k205","14":"pa_raf_no-k205","16":"first","17":"instock","18":"shipping-taxable","19":"product-type-simple","20":"czr-hentry"},"_links":{"self":[{"href":"https:\/\/ybm.org.tr\/ybm\/wp-json\/wp\/v2\/product\/6383","targetHints":{"allow":["GET"]}}],"collection":[{"href":"https:\/\/ybm.org.tr\/ybm\/wp-json\/wp\/v2\/product"}],"about":[{"href":"https:\/\/ybm.org.tr\/ybm\/wp-json\/wp\/v2\/types\/product"}],"wp:featuredmedia":[{"embeddable":true,"href":"https:\/\/ybm.org.tr\/ybm\/wp-json\/wp\/v2\/media\/1284"}],"wp:attachment":[{"href":"https:\/\/ybm.org.tr\/ybm\/wp-json\/wp\/v2\/media?parent=6383"}],"wp:term":[{"taxonomy":"product_brand","embeddable":true,"href":"https:\/\/ybm.org.tr\/ybm\/wp-json\/wp\/v2\/product_brand?post=6383"},{"taxonomy":"product_cat","embeddable":true,"href":"https:\/\/ybm.org.tr\/ybm\/wp-json\/wp\/v2\/product_cat?post=6383"},{"taxonomy":"product_tag","embeddable":true,"href":"https:\/\/ybm.org.tr\/ybm\/wp-json\/wp\/v2\/product_tag?post=6383"}],"curies":[{"name":"wp","href":"https:\/\/api.w.org\/{rel}","templated":true}]}}