{"id":6384,"date":"2020-02-20T13:38:35","date_gmt":"2020-02-20T10:38:35","guid":{"rendered":"http:\/\/ybm.comu.edu.tr\/?product=import-placeholder-for-1283"},"modified":"2020-02-20T13:38:41","modified_gmt":"2020-02-20T10:38:41","slug":"tas-komuru-4","status":"publish","type":"product","link":"https:\/\/ybm.org.tr\/ybm\/product\/tas-komuru-4\/","title":{"rendered":"Ta\u015f K\u00f6m\u00fcr\u00fc"},"content":{"rendered":"<p><img loading=\"lazy\" decoding=\"async\" class=\"alignnone size-full wp-image-1284\" src=\"http:\/\/ybm.comu.edu.tr\/v5\/wp-content\/uploads\/2019\/03\/Ta\u015f-K\u00f6m\u00fcr\u00fc.jpg\" alt=\"Ta\u015f K\u00f6m\u00fcr\u00fc\" width=\"800\" height=\"532\" srcset=\"https:\/\/ybm.org.tr\/ybm\/wp-content\/uploads\/2019\/03\/Ta\u015f-K\u00f6m\u00fcr\u00fc.jpg 800w, https:\/\/ybm.org.tr\/ybm\/wp-content\/uploads\/2019\/03\/Ta\u015f-K\u00f6m\u00fcr\u00fc-300x200.jpg 300w, https:\/\/ybm.org.tr\/ybm\/wp-content\/uploads\/2019\/03\/Ta\u015f-K\u00f6m\u00fcr\u00fc-768x511.jpg 768w, https:\/\/ybm.org.tr\/ybm\/wp-content\/uploads\/2019\/03\/Ta\u015f-K\u00f6m\u00fcr\u00fc-570x379.jpg 570w, https:\/\/ybm.org.tr\/ybm\/wp-content\/uploads\/2019\/03\/Ta\u015f-K\u00f6m\u00fcr\u00fc-600x399.jpg 600w, https:\/\/ybm.org.tr\/ybm\/wp-content\/uploads\/2019\/03\/Ta\u015f-K\u00f6m\u00fcr\u00fc-64x43.jpg 64w, https:\/\/ybm.org.tr\/ybm\/wp-content\/uploads\/2019\/03\/Ta\u015f-K\u00f6m\u00fcr\u00fc-241x160.jpg 241w, https:\/\/ybm.org.tr\/ybm\/wp-content\/uploads\/2019\/03\/Ta\u015f-K\u00f6m\u00fcr\u00fc-150x100.jpg 150w, https:\/\/ybm.org.tr\/ybm\/wp-content\/uploads\/2019\/03\/Ta\u015f-K\u00f6m\u00fcr\u00fc-272x182.jpg 272w\" sizes=\"auto, (max-width: 800px) 100vw, 800px\" \/><\/p>\n","protected":false},"excerpt":{"rendered":"","protected":false},"featured_media":1284,"template":"","meta":[],"product_brand":[],"product_cat":[17],"product_tag":[],"class_list":{"0":"post-6384","1":"product","2":"type-product","3":"status-publish","4":"has-post-thumbnail","6":"product_cat-kayaclar","7":"pa_boylam-41-457916929940","8":"pa_enlem-41-457916929940","9":"pa_gelis_tarihi-2010-09-16","10":"pa_lokasyon-adi-zonguldak","11":"pa_malz_alindigi_kisi-gulbin-gurdal-comu","12":"pa_malzemenin-alindigi-yer-zonguldak-turkiye-turkey","13":"pa_ornek_no-k208","14":"pa_raf_no-k208","16":"first","17":"instock","18":"shipping-taxable","19":"product-type-simple","20":"czr-hentry"},"_links":{"self":[{"href":"https:\/\/ybm.org.tr\/ybm\/wp-json\/wp\/v2\/product\/6384","targetHints":{"allow":["GET"]}}],"collection":[{"href":"https:\/\/ybm.org.tr\/ybm\/wp-json\/wp\/v2\/product"}],"about":[{"href":"https:\/\/ybm.org.tr\/ybm\/wp-json\/wp\/v2\/types\/product"}],"wp:featuredmedia":[{"embeddable":true,"href":"https:\/\/ybm.org.tr\/ybm\/wp-json\/wp\/v2\/media\/1284"}],"wp:attachment":[{"href":"https:\/\/ybm.org.tr\/ybm\/wp-json\/wp\/v2\/media?parent=6384"}],"wp:term":[{"taxonomy":"product_brand","embeddable":true,"href":"https:\/\/ybm.org.tr\/ybm\/wp-json\/wp\/v2\/product_brand?post=6384"},{"taxonomy":"product_cat","embeddable":true,"href":"https:\/\/ybm.org.tr\/ybm\/wp-json\/wp\/v2\/product_cat?post=6384"},{"taxonomy":"product_tag","embeddable":true,"href":"https:\/\/ybm.org.tr\/ybm\/wp-json\/wp\/v2\/product_tag?post=6384"}],"curies":[{"name":"wp","href":"https:\/\/api.w.org\/{rel}","templated":true}]}}