{"id":6400,"date":"2020-02-20T13:38:37","date_gmt":"2020-02-20T10:38:37","guid":{"rendered":"http:\/\/ybm.comu.edu.tr\/?product=import-placeholder-for-1315"},"modified":"2023-12-12T18:27:32","modified_gmt":"2023-12-12T15:27:32","slug":"silislesmis-agac-6","status":"publish","type":"product","link":"https:\/\/ybm.org.tr\/ybm\/product\/silislesmis-agac-6\/","title":{"rendered":"Silisle\u015fmi\u015f A\u011fa\u00e7"},"content":{"rendered":"","protected":false},"excerpt":{"rendered":"","protected":false},"featured_media":1320,"template":"","meta":[],"product_brand":[],"product_cat":[18],"product_tag":[],"class_list":{"0":"post-6400","1":"product","2":"type-product","3":"status-publish","4":"has-post-thumbnail","6":"product_cat-fosil","7":"pa_boylam-17-556101604802","8":"pa_enlem-27-124799782549","9":"pa_gelis_tarihi-2016-06-01","10":"pa_malz_alindigi_kisi-ahmet-yurdatap","11":"pa_malzemenin-alindigi-yer-libya","12":"pa_ornek_no-f483","13":"pa_raf_no-840-403-b17-f589","15":"first","16":"instock","17":"shipping-taxable","18":"product-type-simple","19":"czr-hentry"},"_links":{"self":[{"href":"https:\/\/ybm.org.tr\/ybm\/wp-json\/wp\/v2\/product\/6400","targetHints":{"allow":["GET"]}}],"collection":[{"href":"https:\/\/ybm.org.tr\/ybm\/wp-json\/wp\/v2\/product"}],"about":[{"href":"https:\/\/ybm.org.tr\/ybm\/wp-json\/wp\/v2\/types\/product"}],"wp:featuredmedia":[{"embeddable":true,"href":"https:\/\/ybm.org.tr\/ybm\/wp-json\/wp\/v2\/media\/1320"}],"wp:attachment":[{"href":"https:\/\/ybm.org.tr\/ybm\/wp-json\/wp\/v2\/media?parent=6400"}],"wp:term":[{"taxonomy":"product_brand","embeddable":true,"href":"https:\/\/ybm.org.tr\/ybm\/wp-json\/wp\/v2\/product_brand?post=6400"},{"taxonomy":"product_cat","embeddable":true,"href":"https:\/\/ybm.org.tr\/ybm\/wp-json\/wp\/v2\/product_cat?post=6400"},{"taxonomy":"product_tag","embeddable":true,"href":"https:\/\/ybm.org.tr\/ybm\/wp-json\/wp\/v2\/product_tag?post=6400"}],"curies":[{"name":"wp","href":"https:\/\/api.w.org\/{rel}","templated":true}]}}