{"id":917,"date":"2019-03-04T15:52:01","date_gmt":"2019-03-04T12:52:01","guid":{"rendered":"http:\/\/ybm.comu.edu.tr\/v5\/?post_type=product&#038;p=917"},"modified":"2023-12-12T19:14:27","modified_gmt":"2023-12-12T16:14:27","slug":"fulgurit-yildirimtasi","status":"publish","type":"product","link":"https:\/\/ybm.org.tr\/ybm\/product\/fulgurit-yildirimtasi\/","title":{"rendered":"Fulgurit (Y\u0131ld\u0131r\u0131m ta\u015f\u0131)"},"content":{"rendered":"<p><img loading=\"lazy\" decoding=\"async\" class=\"alignnone size-full wp-image-936\" src=\"http:\/\/ybm.comu.edu.tr\/v5\/wp-content\/uploads\/2019\/03\/Fulgurit-Y\u0131ld\u0131r\u0131mta\u015f\u0131-1.jpg\" alt=\"\" width=\"800\" height=\"533\" srcset=\"https:\/\/ybm.org.tr\/ybm\/wp-content\/uploads\/2019\/03\/Fulgurit-Y\u0131ld\u0131r\u0131mta\u015f\u0131-1.jpg 800w, https:\/\/ybm.org.tr\/ybm\/wp-content\/uploads\/2019\/03\/Fulgurit-Y\u0131ld\u0131r\u0131mta\u015f\u0131-1-300x200.jpg 300w, https:\/\/ybm.org.tr\/ybm\/wp-content\/uploads\/2019\/03\/Fulgurit-Y\u0131ld\u0131r\u0131mta\u015f\u0131-1-768x512.jpg 768w, https:\/\/ybm.org.tr\/ybm\/wp-content\/uploads\/2019\/03\/Fulgurit-Y\u0131ld\u0131r\u0131mta\u015f\u0131-1-570x380.jpg 570w, https:\/\/ybm.org.tr\/ybm\/wp-content\/uploads\/2019\/03\/Fulgurit-Y\u0131ld\u0131r\u0131mta\u015f\u0131-1-600x400.jpg 600w, https:\/\/ybm.org.tr\/ybm\/wp-content\/uploads\/2019\/03\/Fulgurit-Y\u0131ld\u0131r\u0131mta\u015f\u0131-1-64x43.jpg 64w, https:\/\/ybm.org.tr\/ybm\/wp-content\/uploads\/2019\/03\/Fulgurit-Y\u0131ld\u0131r\u0131mta\u015f\u0131-1-240x160.jpg 240w, https:\/\/ybm.org.tr\/ybm\/wp-content\/uploads\/2019\/03\/Fulgurit-Y\u0131ld\u0131r\u0131mta\u015f\u0131-1-150x100.jpg 150w, https:\/\/ybm.org.tr\/ybm\/wp-content\/uploads\/2019\/03\/Fulgurit-Y\u0131ld\u0131r\u0131mta\u015f\u0131-1-272x182.jpg 272w\" sizes=\"auto, (max-width: 800px) 100vw, 800px\" \/><\/p>\n","protected":false},"excerpt":{"rendered":"","protected":false},"featured_media":936,"template":"","meta":[],"product_brand":[],"product_cat":[17],"product_tag":[],"class_list":{"0":"post-917","1":"product","2":"type-product","3":"status-publish","4":"has-post-thumbnail","6":"product_cat-kayaclar","7":"pa_boylam-27-140897512435","8":"pa_enlem-38-417829845259","9":"pa_gelis_tarihi-2012-06-15","10":"pa_isim-fulgurit-yildirimtasi","11":"pa_isim-fulgurite-thunderbolt","12":"pa_lokasyon-adi-buca-izmir-turkiye","13":"pa_malz_alindigi_kisi-ozan-deniz-comu","14":"pa_malzemenin-alindigi-yer-buca-izmir-turkiye-turkey","15":"pa_raf_no-m615","17":"first","18":"instock","19":"shipping-taxable","20":"product-type-simple","21":"czr-hentry"},"_links":{"self":[{"href":"https:\/\/ybm.org.tr\/ybm\/wp-json\/wp\/v2\/product\/917","targetHints":{"allow":["GET"]}}],"collection":[{"href":"https:\/\/ybm.org.tr\/ybm\/wp-json\/wp\/v2\/product"}],"about":[{"href":"https:\/\/ybm.org.tr\/ybm\/wp-json\/wp\/v2\/types\/product"}],"wp:featuredmedia":[{"embeddable":true,"href":"https:\/\/ybm.org.tr\/ybm\/wp-json\/wp\/v2\/media\/936"}],"wp:attachment":[{"href":"https:\/\/ybm.org.tr\/ybm\/wp-json\/wp\/v2\/media?parent=917"}],"wp:term":[{"taxonomy":"product_brand","embeddable":true,"href":"https:\/\/ybm.org.tr\/ybm\/wp-json\/wp\/v2\/product_brand?post=917"},{"taxonomy":"product_cat","embeddable":true,"href":"https:\/\/ybm.org.tr\/ybm\/wp-json\/wp\/v2\/product_cat?post=917"},{"taxonomy":"product_tag","embeddable":true,"href":"https:\/\/ybm.org.tr\/ybm\/wp-json\/wp\/v2\/product_tag?post=917"}],"curies":[{"name":"wp","href":"https:\/\/api.w.org\/{rel}","templated":true}]}}