{"id":919,"date":"2019-03-06T08:59:18","date_gmt":"2019-03-06T05:59:18","guid":{"rendered":"http:\/\/ybm.comu.edu.tr\/v5\/?post_type=product&#038;p=919"},"modified":"2023-12-12T19:19:31","modified_gmt":"2023-12-12T16:19:31","slug":"luletasi-nargile-basligi","status":"publish","type":"product","link":"https:\/\/ybm.org.tr\/ybm\/product\/luletasi-nargile-basligi\/","title":{"rendered":"L\u00fcleta\u015f\u0131 Nargile Ba\u015fl\u0131\u011f\u0131"},"content":{"rendered":"<p><img loading=\"lazy\" decoding=\"async\" class=\"alignnone size-full wp-image-937\" src=\"http:\/\/ybm.comu.edu.tr\/v5\/wp-content\/uploads\/2019\/03\/L\u00fcleta\u015f\u0131-nargile-ba\u015fl\u0131\u011f\u0131.jpg\" alt=\"\" width=\"800\" height=\"534\" srcset=\"https:\/\/ybm.org.tr\/ybm\/wp-content\/uploads\/2019\/03\/L\u00fcleta\u015f\u0131-nargile-ba\u015fl\u0131\u011f\u0131.jpg 800w, https:\/\/ybm.org.tr\/ybm\/wp-content\/uploads\/2019\/03\/L\u00fcleta\u015f\u0131-nargile-ba\u015fl\u0131\u011f\u0131-300x200.jpg 300w, https:\/\/ybm.org.tr\/ybm\/wp-content\/uploads\/2019\/03\/L\u00fcleta\u015f\u0131-nargile-ba\u015fl\u0131\u011f\u0131-768x513.jpg 768w, https:\/\/ybm.org.tr\/ybm\/wp-content\/uploads\/2019\/03\/L\u00fcleta\u015f\u0131-nargile-ba\u015fl\u0131\u011f\u0131-570x380.jpg 570w, https:\/\/ybm.org.tr\/ybm\/wp-content\/uploads\/2019\/03\/L\u00fcleta\u015f\u0131-nargile-ba\u015fl\u0131\u011f\u0131-600x401.jpg 600w, https:\/\/ybm.org.tr\/ybm\/wp-content\/uploads\/2019\/03\/L\u00fcleta\u015f\u0131-nargile-ba\u015fl\u0131\u011f\u0131-64x43.jpg 64w, https:\/\/ybm.org.tr\/ybm\/wp-content\/uploads\/2019\/03\/L\u00fcleta\u015f\u0131-nargile-ba\u015fl\u0131\u011f\u0131-240x160.jpg 240w, https:\/\/ybm.org.tr\/ybm\/wp-content\/uploads\/2019\/03\/L\u00fcleta\u015f\u0131-nargile-ba\u015fl\u0131\u011f\u0131-150x100.jpg 150w, https:\/\/ybm.org.tr\/ybm\/wp-content\/uploads\/2019\/03\/L\u00fcleta\u015f\u0131-nargile-ba\u015fl\u0131\u011f\u0131-272x182.jpg 272w\" sizes=\"auto, (max-width: 800px) 100vw, 800px\" \/><\/p>\n","protected":false},"excerpt":{"rendered":"","protected":false},"featured_media":937,"template":"","meta":[],"product_brand":[],"product_cat":[20],"product_tag":[],"class_list":{"0":"post-919","1":"product","2":"type-product","3":"status-publish","4":"has-post-thumbnail","6":"product_cat-diger","7":"pa_boylam-30-535672903060","8":"pa_enlem-39-815664798284","9":"pa_formul-mg4si6o15oh26h2o","10":"pa_gelis_tarihi-2019-04-20","11":"pa_malz_alindigi_kisi-gokhan-karabacak-comu","12":"pa_malzemenin-alindigi-yer-eskisehir-turkiye-turkey","13":"pa_raf_no-u-12-k604","15":"first","16":"instock","17":"shipping-taxable","18":"product-type-simple","19":"czr-hentry"},"_links":{"self":[{"href":"https:\/\/ybm.org.tr\/ybm\/wp-json\/wp\/v2\/product\/919","targetHints":{"allow":["GET"]}}],"collection":[{"href":"https:\/\/ybm.org.tr\/ybm\/wp-json\/wp\/v2\/product"}],"about":[{"href":"https:\/\/ybm.org.tr\/ybm\/wp-json\/wp\/v2\/types\/product"}],"wp:featuredmedia":[{"embeddable":true,"href":"https:\/\/ybm.org.tr\/ybm\/wp-json\/wp\/v2\/media\/937"}],"wp:attachment":[{"href":"https:\/\/ybm.org.tr\/ybm\/wp-json\/wp\/v2\/media?parent=919"}],"wp:term":[{"taxonomy":"product_brand","embeddable":true,"href":"https:\/\/ybm.org.tr\/ybm\/wp-json\/wp\/v2\/product_brand?post=919"},{"taxonomy":"product_cat","embeddable":true,"href":"https:\/\/ybm.org.tr\/ybm\/wp-json\/wp\/v2\/product_cat?post=919"},{"taxonomy":"product_tag","embeddable":true,"href":"https:\/\/ybm.org.tr\/ybm\/wp-json\/wp\/v2\/product_tag?post=919"}],"curies":[{"name":"wp","href":"https:\/\/api.w.org\/{rel}","templated":true}]}}