{"id":939,"date":"2019-03-06T22:28:43","date_gmt":"2019-03-06T19:28:43","guid":{"rendered":"http:\/\/ybm.comu.edu.tr\/v5\/?post_type=product&#038;p=939"},"modified":"2019-03-06T22:28:43","modified_gmt":"2019-03-06T19:28:43","slug":"bayburt-beyaz-tasi-tuf","status":"publish","type":"product","link":"https:\/\/ybm.org.tr\/ybm\/product\/bayburt-beyaz-tasi-tuf\/","title":{"rendered":"Bayburt Beyaz Ta\u015f\u0131 (T\u00fcf)"},"content":{"rendered":"<p><img loading=\"lazy\" decoding=\"async\" class=\"alignnone size-full wp-image-940\" src=\"http:\/\/ybm.comu.edu.tr\/v5\/wp-content\/uploads\/2019\/03\/Bayburt-Beyaz-Ta\u015f\u0131-T\u00fcf.jpg\" alt=\"\" width=\"800\" height=\"532\" srcset=\"https:\/\/ybm.org.tr\/ybm\/wp-content\/uploads\/2019\/03\/Bayburt-Beyaz-Ta\u015f\u0131-T\u00fcf.jpg 800w, https:\/\/ybm.org.tr\/ybm\/wp-content\/uploads\/2019\/03\/Bayburt-Beyaz-Ta\u015f\u0131-T\u00fcf-300x200.jpg 300w, https:\/\/ybm.org.tr\/ybm\/wp-content\/uploads\/2019\/03\/Bayburt-Beyaz-Ta\u015f\u0131-T\u00fcf-768x511.jpg 768w, https:\/\/ybm.org.tr\/ybm\/wp-content\/uploads\/2019\/03\/Bayburt-Beyaz-Ta\u015f\u0131-T\u00fcf-570x379.jpg 570w, https:\/\/ybm.org.tr\/ybm\/wp-content\/uploads\/2019\/03\/Bayburt-Beyaz-Ta\u015f\u0131-T\u00fcf-600x399.jpg 600w, https:\/\/ybm.org.tr\/ybm\/wp-content\/uploads\/2019\/03\/Bayburt-Beyaz-Ta\u015f\u0131-T\u00fcf-64x43.jpg 64w, https:\/\/ybm.org.tr\/ybm\/wp-content\/uploads\/2019\/03\/Bayburt-Beyaz-Ta\u015f\u0131-T\u00fcf-241x160.jpg 241w, https:\/\/ybm.org.tr\/ybm\/wp-content\/uploads\/2019\/03\/Bayburt-Beyaz-Ta\u015f\u0131-T\u00fcf-150x100.jpg 150w, https:\/\/ybm.org.tr\/ybm\/wp-content\/uploads\/2019\/03\/Bayburt-Beyaz-Ta\u015f\u0131-T\u00fcf-272x182.jpg 272w\" sizes=\"auto, (max-width: 800px) 100vw, 800px\" \/><\/p>\n","protected":false},"excerpt":{"rendered":"","protected":false},"featured_media":940,"template":"","meta":[],"product_brand":[],"product_cat":[17],"product_tag":[],"class_list":{"0":"post-939","1":"product","2":"type-product","3":"status-publish","4":"has-post-thumbnail","6":"product_cat-kayaclar","7":"pa_boylam-40-193481445312","8":"pa_enlem-40-212440718286","9":"pa_gelis_tarihi-2012-02-17","10":"pa_isim-bayburt-beyaz-tasi-tuf","11":"pa_malz_alindigi_kisi-ahmet-agfal-comu","12":"pa_malzemenin-alindigi-yer-bayburt-turkiye-turkey","13":"pa_raf_no-k597","15":"first","16":"instock","17":"shipping-taxable","18":"product-type-simple","19":"czr-hentry"},"_links":{"self":[{"href":"https:\/\/ybm.org.tr\/ybm\/wp-json\/wp\/v2\/product\/939","targetHints":{"allow":["GET"]}}],"collection":[{"href":"https:\/\/ybm.org.tr\/ybm\/wp-json\/wp\/v2\/product"}],"about":[{"href":"https:\/\/ybm.org.tr\/ybm\/wp-json\/wp\/v2\/types\/product"}],"wp:featuredmedia":[{"embeddable":true,"href":"https:\/\/ybm.org.tr\/ybm\/wp-json\/wp\/v2\/media\/940"}],"wp:attachment":[{"href":"https:\/\/ybm.org.tr\/ybm\/wp-json\/wp\/v2\/media?parent=939"}],"wp:term":[{"taxonomy":"product_brand","embeddable":true,"href":"https:\/\/ybm.org.tr\/ybm\/wp-json\/wp\/v2\/product_brand?post=939"},{"taxonomy":"product_cat","embeddable":true,"href":"https:\/\/ybm.org.tr\/ybm\/wp-json\/wp\/v2\/product_cat?post=939"},{"taxonomy":"product_tag","embeddable":true,"href":"https:\/\/ybm.org.tr\/ybm\/wp-json\/wp\/v2\/product_tag?post=939"}],"curies":[{"name":"wp","href":"https:\/\/api.w.org\/{rel}","templated":true}]}}