{"id":941,"date":"2019-03-06T22:33:17","date_gmt":"2019-03-06T19:33:17","guid":{"rendered":"http:\/\/ybm.comu.edu.tr\/v5\/?post_type=product&#038;p=941"},"modified":"2019-03-06T22:33:17","modified_gmt":"2019-03-06T19:33:17","slug":"bayburt-sari-tasi-tuffit","status":"publish","type":"product","link":"https:\/\/ybm.org.tr\/ybm\/product\/bayburt-sari-tasi-tuffit\/","title":{"rendered":"Bayburt Sar\u0131  Ta\u015f\u0131  (T\u00fcffit)"},"content":{"rendered":"<p><img loading=\"lazy\" decoding=\"async\" class=\"alignnone size-full wp-image-942\" src=\"http:\/\/ybm.comu.edu.tr\/v5\/wp-content\/uploads\/2019\/03\/Bayburt-Sar\u0131-Ta\u015f\u0131-T\u00fcffit.jpg\" alt=\"\" width=\"800\" height=\"532\" srcset=\"https:\/\/ybm.org.tr\/ybm\/wp-content\/uploads\/2019\/03\/Bayburt-Sar\u0131-Ta\u015f\u0131-T\u00fcffit.jpg 800w, https:\/\/ybm.org.tr\/ybm\/wp-content\/uploads\/2019\/03\/Bayburt-Sar\u0131-Ta\u015f\u0131-T\u00fcffit-300x200.jpg 300w, https:\/\/ybm.org.tr\/ybm\/wp-content\/uploads\/2019\/03\/Bayburt-Sar\u0131-Ta\u015f\u0131-T\u00fcffit-768x511.jpg 768w, https:\/\/ybm.org.tr\/ybm\/wp-content\/uploads\/2019\/03\/Bayburt-Sar\u0131-Ta\u015f\u0131-T\u00fcffit-570x379.jpg 570w, https:\/\/ybm.org.tr\/ybm\/wp-content\/uploads\/2019\/03\/Bayburt-Sar\u0131-Ta\u015f\u0131-T\u00fcffit-600x399.jpg 600w, https:\/\/ybm.org.tr\/ybm\/wp-content\/uploads\/2019\/03\/Bayburt-Sar\u0131-Ta\u015f\u0131-T\u00fcffit-64x43.jpg 64w, https:\/\/ybm.org.tr\/ybm\/wp-content\/uploads\/2019\/03\/Bayburt-Sar\u0131-Ta\u015f\u0131-T\u00fcffit-241x160.jpg 241w, https:\/\/ybm.org.tr\/ybm\/wp-content\/uploads\/2019\/03\/Bayburt-Sar\u0131-Ta\u015f\u0131-T\u00fcffit-150x100.jpg 150w, https:\/\/ybm.org.tr\/ybm\/wp-content\/uploads\/2019\/03\/Bayburt-Sar\u0131-Ta\u015f\u0131-T\u00fcffit-272x182.jpg 272w\" sizes=\"auto, (max-width: 800px) 100vw, 800px\" \/><\/p>\n","protected":false},"excerpt":{"rendered":"","protected":false},"featured_media":942,"template":"","meta":[],"product_brand":[],"product_cat":[17],"product_tag":[],"class_list":{"0":"post-941","1":"product","2":"type-product","3":"status-publish","4":"has-post-thumbnail","6":"product_cat-kayaclar","7":"pa_boylam-40-220947265625","8":"pa_enlem-40-187266723092","9":"pa_isim-bayburt-sari-tasi-tuffit","10":"pa_malz_alindigi_kisi-ahmet-agfal-comu","11":"pa_malzemenin-alindigi-yer-bayburt-turkiye-turkey","12":"pa_raf_no-k596","14":"first","15":"instock","16":"shipping-taxable","17":"product-type-simple","18":"czr-hentry"},"_links":{"self":[{"href":"https:\/\/ybm.org.tr\/ybm\/wp-json\/wp\/v2\/product\/941","targetHints":{"allow":["GET"]}}],"collection":[{"href":"https:\/\/ybm.org.tr\/ybm\/wp-json\/wp\/v2\/product"}],"about":[{"href":"https:\/\/ybm.org.tr\/ybm\/wp-json\/wp\/v2\/types\/product"}],"wp:featuredmedia":[{"embeddable":true,"href":"https:\/\/ybm.org.tr\/ybm\/wp-json\/wp\/v2\/media\/942"}],"wp:attachment":[{"href":"https:\/\/ybm.org.tr\/ybm\/wp-json\/wp\/v2\/media?parent=941"}],"wp:term":[{"taxonomy":"product_brand","embeddable":true,"href":"https:\/\/ybm.org.tr\/ybm\/wp-json\/wp\/v2\/product_brand?post=941"},{"taxonomy":"product_cat","embeddable":true,"href":"https:\/\/ybm.org.tr\/ybm\/wp-json\/wp\/v2\/product_cat?post=941"},{"taxonomy":"product_tag","embeddable":true,"href":"https:\/\/ybm.org.tr\/ybm\/wp-json\/wp\/v2\/product_tag?post=941"}],"curies":[{"name":"wp","href":"https:\/\/api.w.org\/{rel}","templated":true}]}}