{"id":965,"date":"2019-03-07T10:05:35","date_gmt":"2019-03-07T07:05:35","guid":{"rendered":"http:\/\/ybm.comu.edu.tr\/v5\/?post_type=product&#038;p=965"},"modified":"2019-03-07T10:05:35","modified_gmt":"2019-03-07T07:05:35","slug":"fosilli-orbitoides-kirectasi","status":"publish","type":"product","link":"https:\/\/ybm.org.tr\/ybm\/product\/fosilli-orbitoides-kirectasi\/","title":{"rendered":"Fosilli (Orbitoides) Kire\u00e7ta\u015f\u0131"},"content":{"rendered":"<p><img loading=\"lazy\" decoding=\"async\" class=\"alignnone size-full wp-image-966\" src=\"http:\/\/ybm.comu.edu.tr\/v5\/wp-content\/uploads\/2019\/03\/Fosilli-Orbitoides-Kire\u00e7ta\u015f\u0131.jpg\" alt=\"\" width=\"800\" height=\"534\" srcset=\"https:\/\/ybm.org.tr\/ybm\/wp-content\/uploads\/2019\/03\/Fosilli-Orbitoides-Kire\u00e7ta\u015f\u0131.jpg 800w, https:\/\/ybm.org.tr\/ybm\/wp-content\/uploads\/2019\/03\/Fosilli-Orbitoides-Kire\u00e7ta\u015f\u0131-300x200.jpg 300w, https:\/\/ybm.org.tr\/ybm\/wp-content\/uploads\/2019\/03\/Fosilli-Orbitoides-Kire\u00e7ta\u015f\u0131-768x513.jpg 768w, https:\/\/ybm.org.tr\/ybm\/wp-content\/uploads\/2019\/03\/Fosilli-Orbitoides-Kire\u00e7ta\u015f\u0131-570x380.jpg 570w, https:\/\/ybm.org.tr\/ybm\/wp-content\/uploads\/2019\/03\/Fosilli-Orbitoides-Kire\u00e7ta\u015f\u0131-600x401.jpg 600w, https:\/\/ybm.org.tr\/ybm\/wp-content\/uploads\/2019\/03\/Fosilli-Orbitoides-Kire\u00e7ta\u015f\u0131-64x43.jpg 64w, https:\/\/ybm.org.tr\/ybm\/wp-content\/uploads\/2019\/03\/Fosilli-Orbitoides-Kire\u00e7ta\u015f\u0131-240x160.jpg 240w, https:\/\/ybm.org.tr\/ybm\/wp-content\/uploads\/2019\/03\/Fosilli-Orbitoides-Kire\u00e7ta\u015f\u0131-150x100.jpg 150w, https:\/\/ybm.org.tr\/ybm\/wp-content\/uploads\/2019\/03\/Fosilli-Orbitoides-Kire\u00e7ta\u015f\u0131-272x182.jpg 272w\" sizes=\"auto, (max-width: 800px) 100vw, 800px\" \/><\/p>\n","protected":false},"excerpt":{"rendered":"","protected":false},"featured_media":966,"template":"","meta":[],"product_brand":[],"product_cat":[17],"product_tag":[],"class_list":{"0":"post-965","1":"product","2":"type-product","3":"status-publish","4":"has-post-thumbnail","6":"product_cat-kayaclar","7":"pa_boylam-28-624051809309","8":"pa_enlem-31-679981429019","9":"pa_gelis_tarihi-2012-02-06","10":"pa_isim-fosilli-orbitoides-kirectasi","11":"pa_malz_alindigi_kisi-maxwell-meju","12":"pa_ornek_no-k461","13":"pa_raf_no-k566","15":"first","16":"instock","17":"shipping-taxable","18":"product-type-simple","19":"czr-hentry"},"_links":{"self":[{"href":"https:\/\/ybm.org.tr\/ybm\/wp-json\/wp\/v2\/product\/965","targetHints":{"allow":["GET"]}}],"collection":[{"href":"https:\/\/ybm.org.tr\/ybm\/wp-json\/wp\/v2\/product"}],"about":[{"href":"https:\/\/ybm.org.tr\/ybm\/wp-json\/wp\/v2\/types\/product"}],"wp:featuredmedia":[{"embeddable":true,"href":"https:\/\/ybm.org.tr\/ybm\/wp-json\/wp\/v2\/media\/966"}],"wp:attachment":[{"href":"https:\/\/ybm.org.tr\/ybm\/wp-json\/wp\/v2\/media?parent=965"}],"wp:term":[{"taxonomy":"product_brand","embeddable":true,"href":"https:\/\/ybm.org.tr\/ybm\/wp-json\/wp\/v2\/product_brand?post=965"},{"taxonomy":"product_cat","embeddable":true,"href":"https:\/\/ybm.org.tr\/ybm\/wp-json\/wp\/v2\/product_cat?post=965"},{"taxonomy":"product_tag","embeddable":true,"href":"https:\/\/ybm.org.tr\/ybm\/wp-json\/wp\/v2\/product_tag?post=965"}],"curies":[{"name":"wp","href":"https:\/\/api.w.org\/{rel}","templated":true}]}}